{"id":6922,"date":"2022-05-25T13:18:29","date_gmt":"2022-05-25T13:18:29","guid":{"rendered":"https:\/\/www.fecamo.com\/wedstrijd\/"},"modified":"2025-04-24T08:06:52","modified_gmt":"2025-04-24T08:06:52","slug":"reglement","status":"publish","type":"page","link":"https:\/\/www.fecamo.com\/nl\/wedstrijd\/reglement\/","title":{"rendered":"Wedstrijdregelement"},"content":{"rendered":"<div class=\"fusion-fullwidth fullwidth-box fusion-builder-row-1 fusion-flex-container nonhundred-percent-fullwidth non-hundred-percent-height-scrolling\" style=\"--awb-background-position:left top;--awb-border-radius-top-left:0px;--awb-border-radius-top-right:0px;--awb-border-radius-bottom-right:0px;--awb-border-radius-bottom-left:0px;--awb-margin-bottom:50px;--awb-flex-wrap:wrap;\" ><div class=\"fusion-builder-row fusion-row fusion-flex-align-items-flex-start fusion-flex-content-wrap\" style=\"max-width:1216.8px;margin-left: calc(-4% \/ 2 );margin-right: calc(-4% \/ 2 );\"><div class=\"fusion-layout-column fusion_builder_column fusion-builder-column-0 fusion_builder_column_1_1 1_1 fusion-flex-column fusion-flex-align-self-flex-start fusion-column-no-min-height\" style=\"--awb-padding-right:15px;--awb-padding-left:15px;--awb-bg-blend:overlay;--awb-bg-size:cover;--awb-width-large:100%;--awb-margin-top-large:0px;--awb-spacing-right-large:1.92%;--awb-margin-bottom-large:35px;--awb-spacing-left-large:1.92%;--awb-width-medium:100%;--awb-order-medium:0;--awb-spacing-right-medium:1.92%;--awb-spacing-left-medium:1.92%;--awb-width-small:100%;--awb-order-small:0;--awb-spacing-right-small:1.92%;--awb-spacing-left-small:1.92%;\"><div class=\"fusion-column-wrapper fusion-column-has-shadow fusion-flex-justify-content-flex-start fusion-content-layout-column\"><div class=\"fusion-title title fusion-title-1 fusion-title-center fusion-title-text fusion-title-size-two\"><div class=\"title-sep-container title-sep-container-left\"><div class=\"title-sep sep- sep-solid\" style=\"border-color:#e2e2e2;\"><\/div><\/div><span class=\"awb-title-spacer\"><\/span><h2 class=\"fusion-title-heading title-heading-center fusion-responsive-typography-calculated\" style=\"margin:0;--fontSize:42;line-height:1.31;\">Wedstrijdregelement &#8220;De Beste Tegelzetter 2025&#8221;<\/h2><span class=\"awb-title-spacer\"><\/span><div class=\"title-sep-container title-sep-container-right\"><div class=\"title-sep sep- sep-solid\" style=\"border-color:#e2e2e2;\"><\/div><\/div><\/div><div class=\"fusion-text fusion-text-1\"><ol>\n<li>De Belgische Tegel- en Moza\u00efek Federatie vzw (hieronder Fecamo genoemd) is een vzw met Kunstlaan 20, 1000 Brussel als maatschappelijke zetel. Fecamo organiseert in 2025 een wedstrijd met als doelstelling \u201cde Beste Tegelzetter 2025\u201d te bekronen.<\/li>\n<li>De wedstrijd loopt van 30 april tot en met 31 oktober 2025. De uitreiking van de wedstrijd zal plaats vinden op woensdag 28 januari 2026 in Brussels Kart Expo.<\/li>\n<\/ol>\n<ol start=\"3\">\n<li>Om geldig deel te nemen aan deze wedstrijd moeten deelnemers:<\/li>\n<\/ol>\n<p>a) Bewijzen dat het ingediende project na 1 januari 2024 is uitgevoerd. Fecamo behoudt zich het recht voor om dienaangaande schriftelijk bewijs op te vragen.<\/p>\n<p>b) Het inschrijvingsformulier online invullen via de Fecamo website<\/p>\n<p>c) +- 10 foto\u2019s sturen om hun expertise te bewijzen in 1 van de volgende vier categorie\u00ebn:<\/p>\n<ul>\n<li>Moza\u00efek (max. 5&#215;5 cm)<\/li>\n<li>Standaard formaat<\/li>\n<li>XXL Tegels (Min 120 x 240 cm)<\/li>\n<li>Junior (- 25 jaar)<\/li>\n<\/ul>\n<p>d) De foto\u2019s per mail versturen;<\/p>\n<p>e) Op het inschrijfformulier aangeven in welke categorie het bedrijf wenst deel te nemen. De deelnemers mogen aan een onbeperkt aantal categorie\u00ebn deelnemen, op voorwaarde dat zij voor elke deelname een afzonderlijk formulier invullen.<\/p>\n<ol start=\"4\">\n<li>Lid zijn van Fecamo en de onderhavige voorwaarden van de wedstrijd \u2018De Beste Tegelzetter 2025 \u2019 aanvaarden. De beoordeling gebeurt door een vakjury. De vakjury selecteert een eerste, tweede en derde plaats voor ieder type categorie op basis van ingestuurde beelden. In eerste instantie zal een selectie gebeuren op de basis van de ingestuurde foto\u2019s, waarna een aantal bezoeken kunnen georganiseerd worden om uit deze selectie de winnaars te selecteren. Deze bezoeken zouden plaatsvinden tussen 1 september en 7 oktober 2025.Voor de deelnemende onderneming bedraagt de beloning van deze wedstrijd een certificaat dat de \u2018medaille\u2019 van de kandidaat vermeldt. Bijgevolg zullen zowel gouden, zilveren als bronzen medailles worden uitgereikt. Aan de certificaten is geen geldprijs verbonden, wel de nodige publiciteit aangaande de kwaliteiten van de tegelzetter of moza\u00efekwerker.<\/li>\n<\/ol>\n<ol start=\"5\">\n<li>Deelname aan de wedstrijd is volledig gratis.<\/li>\n<\/ol>\n<ol start=\"6\">\n<li>De winnaars, tweedes en derdes kunnen gevraagd worden om deel te nemen aan een kleine ceremonie voor de overhandiging van de prijs. Door deel te nemen aan deze wedstrijd aanvaardt de deelnemer dat de naam van zijn of haar onderneming in de media wordt gepubliceerd.<\/li>\n<\/ol>\n<ol start=\"7\">\n<li>De deelnemer verzoekt om de offici\u00eble toestemming van de particulier voor het gebruik van de beelden. Door zijn akkoord te geven bij de deelname aan de wedstrijd stemt de particulier in met dit gebruik. Na de wedstrijd mogen beelden, foto\u2019s, films en andere media die in het kader van de wedstrijd worden geproduceerd, door Fecamo vrij worden gebruikt om promotie te voeren, voor latere edities of gelijkaardige wedstrijden die zouden worden georganiseerd.<\/li>\n<\/ol>\n<ol start=\"8\">\n<li>Een deelnemer kan elke onderneming zijn met een maatschappelijke zetel in Belgi\u00eb en die tevens lid is van Fecamo. Fecamo behoudt zich het recht voor om te controleren of de ingeschreven kandidaten aan deze voorwaarden voldoen. Fecamo mag elke kandidatuur afwijzen die volgens de vereniging niet aan deze voorwaarden voldoet. Tegen haar beslissingen is geen beroep mogelijk en er zal geen enkele schadeloosstelling voor worden uitgekeerd.<\/li>\n<\/ol>\n<ol start=\"9\">\n<li>Om zich te kunnen inschrijven voor de wedstrijd moet de kandidaat in staat zijn om het bewijs van het bestaan van de rechtspersoonlijkheid en het lidmaatschap.<\/li>\n<\/ol>\n<ol start=\"10\">\n<li>Door deel te nemen aanvaardt elke deelnemer onvoorwaardelijk en volledig het onderhavige reglement, inclusief de eventuele latere beslissingen die de organisatoren zouden kunnen nemen om de goede uitvoering ervan te garanderen. Indien de ingezonden foto\u2019s tot de selectie behoren, dan wordt de deelnemer geacht een bezoekmoment te communiceren naar de particulier.<\/li>\n<\/ol>\n<ol start=\"11\">\n<li>Fecamo behoudt zich het recht voor om de wedstrijd of een gedeelte ervan zonder voorafgaande kennisgeving te wijzigen, uit te stellen of te annuleren of om het wedstrijdreglement aan te passen, met name bij overmacht of omstandigheden waarop de vereniging geen invloed heeft, zonder dat dit aanleiding geeft tot enige schadeloosstelling of tussenkomst ten aanzien van de deelnemers. Fecamo kan hiervoor niet verantwoordelijk worden gesteld. Fecamo behoudt zich in ieder geval het recht voor om de aangekondigde data van de wedstrijd uit te stellen.<\/li>\n<\/ol>\n<ol start=\"12\">\n<li>Fecamo mag tijdens de wedstrijd elke deelnemer uitsluiten die zich ongepast gedraagt. Tegen deze beslissingen is geen beroep mogelijk en ze kunnen geen aanleiding geven tot enige schadeloosstelling. Een dergelijke uitsluiting kan leiden tot automatische uitsluiting van deelname, zodat de kandidaat in kwestie niet langer de mogelijkheid heeft om een prijs te winnen.<\/li>\n<\/ol>\n<ol start=\"13\">\n<li>In geval van overtreding van \u00e9\u00e9n van de bepalingen van het onderhavige reglement, poging tot fraude of bedrog, kan de deelnemer geen enkel recht meer doen gelden op de voorziene beloning. De organisatoren behouden zich ook het recht voor om elke deelnemer uit te sluiten die fraude of bedrog zou hebben gepleegd of het onderhavige reglement zou misbruiken. Fecamo kan hiervoor niet aansprakelijk worden gesteld.<\/li>\n<\/ol>\n<ol start=\"14\">\n<li>Elke betwisting of klacht betreffende deze wedstrijd dient per aangetekende brief verstuurd te worden naar Fecamo, Kunstlaan 20, 1000 Brussel.<\/li>\n<\/ol>\n<ol start=\"15\">\n<li>Fecamo handelt overeenkomstig de wet van 1992 betreffende de bescherming van de privacy en de Verordening betreffende de verwerking van persoonsgegevens en het recht op vergetelheid (GDPR). De informatie die in het kader van deze wedstrijd wordt verzameld, wordt uitsluitend met dit doel verzameld en niet aan derden bekendgemaakt of meegedeeld.<\/li>\n<\/ol>\n<ol start=\"16\">\n<li>Op dit reglement is de Belgische wetgeving van toepassing en het reglement wordt overeenkomstig het Belgisch recht ge\u00efnterpreteerd en uitgevoerd. Alle eventuele geschillen die eruit voortvloeien of die betrekking hebben op deze actie en waarvoor geen minnelijke schikking kan worden getroffen, zullen uitsluitend voor de bevoegde rechtbanken van Brussel aanhangig worden gemaakt.<\/li>\n<\/ol>\n<\/div><\/div><\/div><\/div><\/div>\n","protected":false},"excerpt":{"rendered":"","protected":false},"author":1,"featured_media":5638,"parent":6887,"menu_order":0,"comment_status":"closed","ping_status":"closed","template":"100-width.php","meta":{"footnotes":""},"class_list":["post-6922","page","type-page","status-publish","has-post-thumbnail","hentry"],"yoast_head":"<!-- This site is optimized with the Yoast SEO plugin v26.9 - https:\/\/yoast.com\/product\/yoast-seo-wordpress\/ -->\n<title>Wedstrijdregelement - FeCaMo<\/title>\n<meta name=\"robots\" content=\"index, follow, max-snippet:-1, max-image-preview:large, max-video-preview:-1\" \/>\n<link rel=\"canonical\" href=\"https:\/\/www.fecamo.com\/nl\/wedstrijd\/reglement\/\" \/>\n<meta property=\"og:locale\" content=\"nl_NL\" \/>\n<meta property=\"og:type\" content=\"article\" \/>\n<meta property=\"og:title\" content=\"Wedstrijdregelement - FeCaMo\" \/>\n<meta property=\"og:url\" content=\"https:\/\/www.fecamo.com\/nl\/wedstrijd\/reglement\/\" \/>\n<meta property=\"og:site_name\" content=\"FeCaMo\" \/>\n<meta property=\"article:publisher\" content=\"https:\/\/www.facebook.com\/tegels.carrelages\/\" \/>\n<meta property=\"article:modified_time\" content=\"2025-04-24T08:06:52+00:00\" \/>\n<meta property=\"og:image\" content=\"https:\/\/www.fecamo.com\/wp-content\/uploads\/2021\/12\/banner.jpg\" \/>\n\t<meta property=\"og:image:width\" content=\"1800\" \/>\n\t<meta property=\"og:image:height\" content=\"444\" \/>\n\t<meta property=\"og:image:type\" content=\"image\/jpeg\" \/>\n<meta name=\"twitter:card\" content=\"summary_large_image\" \/>\n<meta name=\"twitter:label1\" content=\"Geschatte leestijd\" \/>\n\t<meta name=\"twitter:data1\" content=\"5 minuten\" \/>\n<script type=\"application\/ld+json\" class=\"yoast-schema-graph\">{\"@context\":\"https:\/\/schema.org\",\"@graph\":[{\"@type\":\"WebPage\",\"@id\":\"https:\/\/www.fecamo.com\/nl\/wedstrijd\/reglement\/\",\"url\":\"https:\/\/www.fecamo.com\/nl\/wedstrijd\/reglement\/\",\"name\":\"Wedstrijdregelement - FeCaMo\",\"isPartOf\":{\"@id\":\"https:\/\/www.fecamo.com\/nl\/#website\"},\"primaryImageOfPage\":{\"@id\":\"https:\/\/www.fecamo.com\/nl\/wedstrijd\/reglement\/#primaryimage\"},\"image\":{\"@id\":\"https:\/\/www.fecamo.com\/nl\/wedstrijd\/reglement\/#primaryimage\"},\"thumbnailUrl\":\"https:\/\/www.fecamo.com\/wp-content\/uploads\/2021\/12\/banner.jpg\",\"datePublished\":\"2022-05-25T13:18:29+00:00\",\"dateModified\":\"2025-04-24T08:06:52+00:00\",\"breadcrumb\":{\"@id\":\"https:\/\/www.fecamo.com\/nl\/wedstrijd\/reglement\/#breadcrumb\"},\"inLanguage\":\"nl-NL\",\"potentialAction\":[{\"@type\":\"ReadAction\",\"target\":[\"https:\/\/www.fecamo.com\/nl\/wedstrijd\/reglement\/\"]}]},{\"@type\":\"ImageObject\",\"inLanguage\":\"nl-NL\",\"@id\":\"https:\/\/www.fecamo.com\/nl\/wedstrijd\/reglement\/#primaryimage\",\"url\":\"https:\/\/www.fecamo.com\/wp-content\/uploads\/2021\/12\/banner.jpg\",\"contentUrl\":\"https:\/\/www.fecamo.com\/wp-content\/uploads\/2021\/12\/banner.jpg\",\"width\":1800,\"height\":444,\"caption\":\"banner\"},{\"@type\":\"BreadcrumbList\",\"@id\":\"https:\/\/www.fecamo.com\/nl\/wedstrijd\/reglement\/#breadcrumb\",\"itemListElement\":[{\"@type\":\"ListItem\",\"position\":1,\"name\":\"Accueil\",\"item\":\"https:\/\/www.fecamo.com\/nl\/\"},{\"@type\":\"ListItem\",\"position\":2,\"name\":\"Wedstrijd\",\"item\":\"https:\/\/www.fecamo.com\/nl\/wedstrijd\/\"},{\"@type\":\"ListItem\",\"position\":3,\"name\":\"Wedstrijdregelement\"}]},{\"@type\":\"WebSite\",\"@id\":\"https:\/\/www.fecamo.com\/nl\/#website\",\"url\":\"https:\/\/www.fecamo.com\/nl\/\",\"name\":\"FeCaMo\",\"description\":\"La F\u00e9d\u00e9ration des Carreleurs et Mosa\u00efstes | De Federatie voor de Tegelzetters en Moza\u00efekwerkers\",\"publisher\":{\"@id\":\"https:\/\/www.fecamo.com\/nl\/#organization\"},\"potentialAction\":[{\"@type\":\"SearchAction\",\"target\":{\"@type\":\"EntryPoint\",\"urlTemplate\":\"https:\/\/www.fecamo.com\/nl\/?s={search_term_string}\"},\"query-input\":{\"@type\":\"PropertyValueSpecification\",\"valueRequired\":true,\"valueName\":\"search_term_string\"}}],\"inLanguage\":\"nl-NL\"},{\"@type\":\"Organization\",\"@id\":\"https:\/\/www.fecamo.com\/nl\/#organization\",\"name\":\"FeCaMo\",\"url\":\"https:\/\/www.fecamo.com\/nl\/\",\"logo\":{\"@type\":\"ImageObject\",\"inLanguage\":\"nl-NL\",\"@id\":\"https:\/\/www.fecamo.com\/nl\/#\/schema\/logo\/image\/\",\"url\":\"https:\/\/www.fecamo.com\/wp-content\/uploads\/2021\/12\/fecamo.jpg\",\"contentUrl\":\"https:\/\/www.fecamo.com\/wp-content\/uploads\/2021\/12\/fecamo.jpg\",\"width\":188,\"height\":95,\"caption\":\"FeCaMo\"},\"image\":{\"@id\":\"https:\/\/www.fecamo.com\/nl\/#\/schema\/logo\/image\/\"},\"sameAs\":[\"https:\/\/www.facebook.com\/tegels.carrelages\/\",\"https:\/\/www.pinterest.com\/tegelscarrelage\/\"]}]}<\/script>\n<!-- \/ Yoast SEO plugin. -->","yoast_head_json":{"title":"Wedstrijdregelement - FeCaMo","robots":{"index":"index","follow":"follow","max-snippet":"max-snippet:-1","max-image-preview":"max-image-preview:large","max-video-preview":"max-video-preview:-1"},"canonical":"https:\/\/www.fecamo.com\/nl\/wedstrijd\/reglement\/","og_locale":"nl_NL","og_type":"article","og_title":"Wedstrijdregelement - FeCaMo","og_url":"https:\/\/www.fecamo.com\/nl\/wedstrijd\/reglement\/","og_site_name":"FeCaMo","article_publisher":"https:\/\/www.facebook.com\/tegels.carrelages\/","article_modified_time":"2025-04-24T08:06:52+00:00","og_image":[{"width":1800,"height":444,"url":"https:\/\/www.fecamo.com\/wp-content\/uploads\/2021\/12\/banner.jpg","type":"image\/jpeg"}],"twitter_card":"summary_large_image","twitter_misc":{"Geschatte leestijd":"5 minuten"},"schema":{"@context":"https:\/\/schema.org","@graph":[{"@type":"WebPage","@id":"https:\/\/www.fecamo.com\/nl\/wedstrijd\/reglement\/","url":"https:\/\/www.fecamo.com\/nl\/wedstrijd\/reglement\/","name":"Wedstrijdregelement - FeCaMo","isPartOf":{"@id":"https:\/\/www.fecamo.com\/nl\/#website"},"primaryImageOfPage":{"@id":"https:\/\/www.fecamo.com\/nl\/wedstrijd\/reglement\/#primaryimage"},"image":{"@id":"https:\/\/www.fecamo.com\/nl\/wedstrijd\/reglement\/#primaryimage"},"thumbnailUrl":"https:\/\/www.fecamo.com\/wp-content\/uploads\/2021\/12\/banner.jpg","datePublished":"2022-05-25T13:18:29+00:00","dateModified":"2025-04-24T08:06:52+00:00","breadcrumb":{"@id":"https:\/\/www.fecamo.com\/nl\/wedstrijd\/reglement\/#breadcrumb"},"inLanguage":"nl-NL","potentialAction":[{"@type":"ReadAction","target":["https:\/\/www.fecamo.com\/nl\/wedstrijd\/reglement\/"]}]},{"@type":"ImageObject","inLanguage":"nl-NL","@id":"https:\/\/www.fecamo.com\/nl\/wedstrijd\/reglement\/#primaryimage","url":"https:\/\/www.fecamo.com\/wp-content\/uploads\/2021\/12\/banner.jpg","contentUrl":"https:\/\/www.fecamo.com\/wp-content\/uploads\/2021\/12\/banner.jpg","width":1800,"height":444,"caption":"banner"},{"@type":"BreadcrumbList","@id":"https:\/\/www.fecamo.com\/nl\/wedstrijd\/reglement\/#breadcrumb","itemListElement":[{"@type":"ListItem","position":1,"name":"Accueil","item":"https:\/\/www.fecamo.com\/nl\/"},{"@type":"ListItem","position":2,"name":"Wedstrijd","item":"https:\/\/www.fecamo.com\/nl\/wedstrijd\/"},{"@type":"ListItem","position":3,"name":"Wedstrijdregelement"}]},{"@type":"WebSite","@id":"https:\/\/www.fecamo.com\/nl\/#website","url":"https:\/\/www.fecamo.com\/nl\/","name":"FeCaMo","description":"La F\u00e9d\u00e9ration des Carreleurs et Mosa\u00efstes | De Federatie voor de Tegelzetters en Moza\u00efekwerkers","publisher":{"@id":"https:\/\/www.fecamo.com\/nl\/#organization"},"potentialAction":[{"@type":"SearchAction","target":{"@type":"EntryPoint","urlTemplate":"https:\/\/www.fecamo.com\/nl\/?s={search_term_string}"},"query-input":{"@type":"PropertyValueSpecification","valueRequired":true,"valueName":"search_term_string"}}],"inLanguage":"nl-NL"},{"@type":"Organization","@id":"https:\/\/www.fecamo.com\/nl\/#organization","name":"FeCaMo","url":"https:\/\/www.fecamo.com\/nl\/","logo":{"@type":"ImageObject","inLanguage":"nl-NL","@id":"https:\/\/www.fecamo.com\/nl\/#\/schema\/logo\/image\/","url":"https:\/\/www.fecamo.com\/wp-content\/uploads\/2021\/12\/fecamo.jpg","contentUrl":"https:\/\/www.fecamo.com\/wp-content\/uploads\/2021\/12\/fecamo.jpg","width":188,"height":95,"caption":"FeCaMo"},"image":{"@id":"https:\/\/www.fecamo.com\/nl\/#\/schema\/logo\/image\/"},"sameAs":["https:\/\/www.facebook.com\/tegels.carrelages\/","https:\/\/www.pinterest.com\/tegelscarrelage\/"]}]}},"_links":{"self":[{"href":"https:\/\/www.fecamo.com\/nl\/wp-json\/wp\/v2\/pages\/6922","targetHints":{"allow":["GET"]}}],"collection":[{"href":"https:\/\/www.fecamo.com\/nl\/wp-json\/wp\/v2\/pages"}],"about":[{"href":"https:\/\/www.fecamo.com\/nl\/wp-json\/wp\/v2\/types\/page"}],"author":[{"embeddable":true,"href":"https:\/\/www.fecamo.com\/nl\/wp-json\/wp\/v2\/users\/1"}],"replies":[{"embeddable":true,"href":"https:\/\/www.fecamo.com\/nl\/wp-json\/wp\/v2\/comments?post=6922"}],"version-history":[{"count":3,"href":"https:\/\/www.fecamo.com\/nl\/wp-json\/wp\/v2\/pages\/6922\/revisions"}],"predecessor-version":[{"id":11293,"href":"https:\/\/www.fecamo.com\/nl\/wp-json\/wp\/v2\/pages\/6922\/revisions\/11293"}],"up":[{"embeddable":true,"href":"https:\/\/www.fecamo.com\/nl\/wp-json\/wp\/v2\/pages\/6887"}],"wp:featuredmedia":[{"embeddable":true,"href":"https:\/\/www.fecamo.com\/nl\/wp-json\/wp\/v2\/media\/5638"}],"wp:attachment":[{"href":"https:\/\/www.fecamo.com\/nl\/wp-json\/wp\/v2\/media?parent=6922"}],"curies":[{"name":"wp","href":"https:\/\/api.w.org\/{rel}","templated":true}]}}