{"id":6887,"date":"2022-05-17T16:18:22","date_gmt":"2022-05-17T16:18:22","guid":{"rendered":"https:\/\/www.fecamo.com\/leden\/"},"modified":"2025-10-27T06:26:26","modified_gmt":"2025-10-27T06:26:26","slug":"wedstrijd","status":"publish","type":"page","link":"https:\/\/www.fecamo.com\/nl\/wedstrijd\/","title":{"rendered":"Wedstrijd"},"content":{"rendered":"<div class=\"fusion-fullwidth fullwidth-box fusion-builder-row-1 fusion-flex-container nonhundred-percent-fullwidth non-hundred-percent-height-scrolling\" style=\"--awb-background-position:left top;--awb-border-radius-top-left:0px;--awb-border-radius-top-right:0px;--awb-border-radius-bottom-right:0px;--awb-border-radius-bottom-left:0px;--awb-margin-bottom:50px;--awb-flex-wrap:wrap;\" ><div class=\"fusion-builder-row fusion-row fusion-flex-align-items-flex-start fusion-flex-content-wrap\" style=\"max-width:1216.8px;margin-left: calc(-4% \/ 2 );margin-right: calc(-4% \/ 2 );\"><div class=\"fusion-layout-column fusion_builder_column fusion-builder-column-0 fusion_builder_column_1_1 1_1 fusion-flex-column fusion-flex-align-self-flex-start fusion-column-no-min-height\" style=\"--awb-padding-right:15px;--awb-padding-left:15px;--awb-bg-blend:overlay;--awb-bg-size:cover;--awb-width-large:100%;--awb-margin-top-large:0px;--awb-spacing-right-large:1.92%;--awb-margin-bottom-large:35px;--awb-spacing-left-large:1.92%;--awb-width-medium:100%;--awb-order-medium:0;--awb-spacing-right-medium:1.92%;--awb-spacing-left-medium:1.92%;--awb-width-small:100%;--awb-order-small:0;--awb-spacing-right-small:1.92%;--awb-spacing-left-small:1.92%;\"><div class=\"fusion-column-wrapper fusion-column-has-shadow fusion-flex-justify-content-flex-start fusion-content-layout-column\"><div class=\"fusion-title title fusion-title-1 fusion-title-center fusion-title-text fusion-title-size-two\"><div class=\"title-sep-container title-sep-container-left\"><div class=\"title-sep sep- sep-solid\" style=\"border-color:#e2e2e2;\"><\/div><\/div><span class=\"awb-title-spacer\"><\/span><h2 class=\"fusion-title-heading title-heading-center fusion-responsive-typography-calculated\" style=\"margin:0;--fontSize:42;line-height:1.31;\">De Beste Tegelzetter 2025<\/h2><span class=\"awb-title-spacer\"><\/span><div class=\"title-sep-container title-sep-container-right\"><div class=\"title-sep sep- sep-solid\" style=\"border-color:#e2e2e2;\"><\/div><\/div><\/div><div class=\"fusion-image-element \" style=\"text-align:center;--awb-bottom-shadow-color:rgba(0,0,0,0.4);--awb-margin-top:35px;--awb-margin-bottom:70px;--awb-caption-title-font-family:var(--h2_typography-font-family);--awb-caption-title-font-weight:var(--h2_typography-font-weight);--awb-caption-title-font-style:var(--h2_typography-font-style);--awb-caption-title-size:var(--h2_typography-font-size);--awb-caption-title-transform:var(--h2_typography-text-transform);--awb-caption-title-line-height:var(--h2_typography-line-height);--awb-caption-title-letter-spacing:var(--h2_typography-letter-spacing);\"><div class=\"awb-image-frame awb-image-frame-1 awb-bottomshadow\"><span class=\" fusion-imageframe imageframe-bottomshadow imageframe-1 hover-type-none\"><img decoding=\"async\" width=\"724\" height=\"1024\" title=\"FECAMO NL wedstrijd keg 250505\" src=\"https:\/\/www.fecamo.com\/wp-content\/uploads\/2025\/05\/FECAMO-NL-wedstrijd-keg-250505-724x1024.jpg\" alt class=\"img-responsive wp-image-11332\" srcset=\"https:\/\/www.fecamo.com\/wp-content\/uploads\/2025\/05\/FECAMO-NL-wedstrijd-keg-250505-200x283.jpg 200w, https:\/\/www.fecamo.com\/wp-content\/uploads\/2025\/05\/FECAMO-NL-wedstrijd-keg-250505-400x566.jpg 400w, https:\/\/www.fecamo.com\/wp-content\/uploads\/2025\/05\/FECAMO-NL-wedstrijd-keg-250505-600x849.jpg 600w, https:\/\/www.fecamo.com\/wp-content\/uploads\/2025\/05\/FECAMO-NL-wedstrijd-keg-250505-800x1132.jpg 800w, https:\/\/www.fecamo.com\/wp-content\/uploads\/2025\/05\/FECAMO-NL-wedstrijd-keg-250505.jpg 1060w\" sizes=\"(max-width: 1024px) 100vw, (max-width: 640px) 100vw, 724px\" \/><\/span><svg xmlns=\"http:\/\/www.w3.org\/2000\/svg\" version=\"1.1\" width=\"100%\" viewBox=\"0 0 600 28\" preserveAspectRatio=\"none\"><g clip-path=\"url(#a)\"><mask id=\"b\" style=\"mask-type:luminance\" maskUnits=\"userSpaceOnUse\" x=\"0\" y=\"0\" width=\"600\" height=\"28\"><path d=\"M0 0h600v28H0V0Z\" fill=\"#fff\"\/><\/mask><g filter=\"url(#c)\" mask=\"url(#b)\"><path d=\"M16.439-18.667h567.123v30.8S438.961-8.4 300-8.4C161.04-8.4 16.438 12.133 16.438 12.133v-30.8Z\" fill=\"#000\"\/><\/g><\/g><defs><clipPath id=\"a\"><path fill=\"#fff\" d=\"M0 0h600v28H0z\"\/><\/clipPath><filter id=\"c\" x=\"5.438\" y=\"-29.667\" width=\"589.123\" height=\"52.8\" filterUnits=\"userSpaceOnUse\" color-interpolation-filters=\"sRGB\"><feFlood flood-opacity=\"0\" result=\"BackgroundImageFix\"\/><feBlend in=\"SourceGraphic\" in2=\"BackgroundImageFix\" result=\"shape\"\/><feGaussianBlur stdDeviation=\"5.5\" result=\"effect1_foregroundBlur_3983_183\"\/><\/filter><\/defs><\/svg><\/div><\/div><div class=\"fusion-text fusion-text-1\"><p>Dit jaar organiseert Fecamo een wedstrijd voor de Beste Tegelzetter 2025. Met deze wedstrijd worden de knowhow en de expertise van de leden van de Federatie beloond.<\/p>\n<p>Elke tegelzetter die lid is van Fecamo kan aan de wedstrijd deelnemen en zo een bron van inspiratie zijn voor wie op zoek is naar een gekwalificeerde tegel- of moza\u00efekzetter. Per categorie (moza\u00efek, standaardformaat, XXL-formaat en junior*) worden drie winnaars gekozen. Een professionele jury zal de finalisten van elke categorie beoordelen op zowel esthetisch als technisch vlak. De prijzen: een bronzen, zilveren of gouden medaille en een certificaat!<\/p>\n<p>De prijzen van deze wedstrijd worden uitgereikt tijdens de <strong>Nacht van de Tegelzetters 2026 (meer informatie later)<\/strong>.<\/p>\n<p><strong>Wenst u deel te nemen?\u00a0<\/strong>Makkelijker kan niet: vul het inschrijvingsformulier hieronder in. Wij beoordelen graag uw fantastisch tegelproject!<\/p>\n<p><strong>Inschrijven is mogelijk tot 31 december 2025. <\/strong><strong>Opgelet! <span style=\"color: #ff0000;\">Het ingediende project mag niet van v\u00f3\u00f3r 1 januari 2024 dateren.<\/span><\/strong><\/p>\n<p>Indien u nog een ander project wenst te registreren, gelieve een tweede formulier in te vullen.<\/p>\n<p>Alle informatie is te vinden in het wedstrijdreglement, dat u <strong><a href=\"https:\/\/www.fecamo.com\/nl\/wedstrijd\/reglement\/\">hier<\/a><\/strong> kunt vinden.<\/p>\n<p><em>*Voor de Junior categorie is lidmaatschap niet vereist, maar moet u wel student zijn aan een school waar tegelzetlessen worden gegeven \u00e9n jonger zijn dan 25 jaar.<\/em><\/p>\n<\/div><div style=\"text-align:center;\"><a class=\"fusion-button button-flat button-xlarge button-default fusion-button-default button-1 fusion-button-default-span fusion-button-default-type\" target=\"_self\" href=\"https:\/\/forms.gle\/SSvL3jczaNuMNVdh8\"><span class=\"fusion-button-text awb-button__text awb-button__text--default\">Ik schrijf me in!<\/span><\/a><\/div><\/div><\/div><\/div><\/div>\n","protected":false},"excerpt":{"rendered":"","protected":false},"author":1,"featured_media":5638,"parent":0,"menu_order":0,"comment_status":"closed","ping_status":"closed","template":"100-width.php","meta":{"footnotes":""},"class_list":["post-6887","page","type-page","status-publish","has-post-thumbnail","hentry"],"yoast_head":"<!-- This site is optimized with the Yoast SEO plugin v26.9 - https:\/\/yoast.com\/product\/yoast-seo-wordpress\/ -->\n<title>Wedstrijd - FeCaMo<\/title>\n<meta name=\"robots\" content=\"index, follow, max-snippet:-1, max-image-preview:large, max-video-preview:-1\" \/>\n<link rel=\"canonical\" href=\"https:\/\/www.fecamo.com\/nl\/wedstrijd\/\" \/>\n<meta property=\"og:locale\" content=\"nl_NL\" \/>\n<meta property=\"og:type\" content=\"article\" \/>\n<meta property=\"og:title\" content=\"Wedstrijd - FeCaMo\" \/>\n<meta property=\"og:url\" content=\"https:\/\/www.fecamo.com\/nl\/wedstrijd\/\" \/>\n<meta property=\"og:site_name\" content=\"FeCaMo\" \/>\n<meta property=\"article:publisher\" content=\"https:\/\/www.facebook.com\/tegels.carrelages\/\" \/>\n<meta property=\"article:modified_time\" content=\"2025-10-27T06:26:26+00:00\" \/>\n<meta property=\"og:image\" content=\"https:\/\/www.fecamo.com\/wp-content\/uploads\/2021\/12\/banner.jpg\" \/>\n\t<meta property=\"og:image:width\" content=\"1800\" \/>\n\t<meta property=\"og:image:height\" content=\"444\" \/>\n\t<meta property=\"og:image:type\" content=\"image\/jpeg\" \/>\n<meta name=\"twitter:card\" content=\"summary_large_image\" \/>\n<meta name=\"twitter:label1\" content=\"Geschatte leestijd\" \/>\n\t<meta name=\"twitter:data1\" content=\"2 minuten\" \/>\n<script type=\"application\/ld+json\" class=\"yoast-schema-graph\">{\"@context\":\"https:\/\/schema.org\",\"@graph\":[{\"@type\":\"WebPage\",\"@id\":\"https:\/\/www.fecamo.com\/nl\/wedstrijd\/\",\"url\":\"https:\/\/www.fecamo.com\/nl\/wedstrijd\/\",\"name\":\"Wedstrijd - FeCaMo\",\"isPartOf\":{\"@id\":\"https:\/\/www.fecamo.com\/nl\/#website\"},\"primaryImageOfPage\":{\"@id\":\"https:\/\/www.fecamo.com\/nl\/wedstrijd\/#primaryimage\"},\"image\":{\"@id\":\"https:\/\/www.fecamo.com\/nl\/wedstrijd\/#primaryimage\"},\"thumbnailUrl\":\"https:\/\/www.fecamo.com\/wp-content\/uploads\/2021\/12\/banner.jpg\",\"datePublished\":\"2022-05-17T16:18:22+00:00\",\"dateModified\":\"2025-10-27T06:26:26+00:00\",\"breadcrumb\":{\"@id\":\"https:\/\/www.fecamo.com\/nl\/wedstrijd\/#breadcrumb\"},\"inLanguage\":\"nl-NL\",\"potentialAction\":[{\"@type\":\"ReadAction\",\"target\":[\"https:\/\/www.fecamo.com\/nl\/wedstrijd\/\"]}]},{\"@type\":\"ImageObject\",\"inLanguage\":\"nl-NL\",\"@id\":\"https:\/\/www.fecamo.com\/nl\/wedstrijd\/#primaryimage\",\"url\":\"https:\/\/www.fecamo.com\/wp-content\/uploads\/2021\/12\/banner.jpg\",\"contentUrl\":\"https:\/\/www.fecamo.com\/wp-content\/uploads\/2021\/12\/banner.jpg\",\"width\":1800,\"height\":444,\"caption\":\"banner\"},{\"@type\":\"BreadcrumbList\",\"@id\":\"https:\/\/www.fecamo.com\/nl\/wedstrijd\/#breadcrumb\",\"itemListElement\":[{\"@type\":\"ListItem\",\"position\":1,\"name\":\"Accueil\",\"item\":\"https:\/\/www.fecamo.com\/nl\/\"},{\"@type\":\"ListItem\",\"position\":2,\"name\":\"Wedstrijd\"}]},{\"@type\":\"WebSite\",\"@id\":\"https:\/\/www.fecamo.com\/nl\/#website\",\"url\":\"https:\/\/www.fecamo.com\/nl\/\",\"name\":\"FeCaMo\",\"description\":\"La F\u00e9d\u00e9ration des Carreleurs et Mosa\u00efstes | De Federatie voor de Tegelzetters en Moza\u00efekwerkers\",\"publisher\":{\"@id\":\"https:\/\/www.fecamo.com\/nl\/#organization\"},\"potentialAction\":[{\"@type\":\"SearchAction\",\"target\":{\"@type\":\"EntryPoint\",\"urlTemplate\":\"https:\/\/www.fecamo.com\/nl\/?s={search_term_string}\"},\"query-input\":{\"@type\":\"PropertyValueSpecification\",\"valueRequired\":true,\"valueName\":\"search_term_string\"}}],\"inLanguage\":\"nl-NL\"},{\"@type\":\"Organization\",\"@id\":\"https:\/\/www.fecamo.com\/nl\/#organization\",\"name\":\"FeCaMo\",\"url\":\"https:\/\/www.fecamo.com\/nl\/\",\"logo\":{\"@type\":\"ImageObject\",\"inLanguage\":\"nl-NL\",\"@id\":\"https:\/\/www.fecamo.com\/nl\/#\/schema\/logo\/image\/\",\"url\":\"https:\/\/www.fecamo.com\/wp-content\/uploads\/2021\/12\/fecamo.jpg\",\"contentUrl\":\"https:\/\/www.fecamo.com\/wp-content\/uploads\/2021\/12\/fecamo.jpg\",\"width\":188,\"height\":95,\"caption\":\"FeCaMo\"},\"image\":{\"@id\":\"https:\/\/www.fecamo.com\/nl\/#\/schema\/logo\/image\/\"},\"sameAs\":[\"https:\/\/www.facebook.com\/tegels.carrelages\/\",\"https:\/\/www.pinterest.com\/tegelscarrelage\/\"]}]}<\/script>\n<!-- \/ Yoast SEO plugin. -->","yoast_head_json":{"title":"Wedstrijd - FeCaMo","robots":{"index":"index","follow":"follow","max-snippet":"max-snippet:-1","max-image-preview":"max-image-preview:large","max-video-preview":"max-video-preview:-1"},"canonical":"https:\/\/www.fecamo.com\/nl\/wedstrijd\/","og_locale":"nl_NL","og_type":"article","og_title":"Wedstrijd - FeCaMo","og_url":"https:\/\/www.fecamo.com\/nl\/wedstrijd\/","og_site_name":"FeCaMo","article_publisher":"https:\/\/www.facebook.com\/tegels.carrelages\/","article_modified_time":"2025-10-27T06:26:26+00:00","og_image":[{"width":1800,"height":444,"url":"https:\/\/www.fecamo.com\/wp-content\/uploads\/2021\/12\/banner.jpg","type":"image\/jpeg"}],"twitter_card":"summary_large_image","twitter_misc":{"Geschatte leestijd":"2 minuten"},"schema":{"@context":"https:\/\/schema.org","@graph":[{"@type":"WebPage","@id":"https:\/\/www.fecamo.com\/nl\/wedstrijd\/","url":"https:\/\/www.fecamo.com\/nl\/wedstrijd\/","name":"Wedstrijd - FeCaMo","isPartOf":{"@id":"https:\/\/www.fecamo.com\/nl\/#website"},"primaryImageOfPage":{"@id":"https:\/\/www.fecamo.com\/nl\/wedstrijd\/#primaryimage"},"image":{"@id":"https:\/\/www.fecamo.com\/nl\/wedstrijd\/#primaryimage"},"thumbnailUrl":"https:\/\/www.fecamo.com\/wp-content\/uploads\/2021\/12\/banner.jpg","datePublished":"2022-05-17T16:18:22+00:00","dateModified":"2025-10-27T06:26:26+00:00","breadcrumb":{"@id":"https:\/\/www.fecamo.com\/nl\/wedstrijd\/#breadcrumb"},"inLanguage":"nl-NL","potentialAction":[{"@type":"ReadAction","target":["https:\/\/www.fecamo.com\/nl\/wedstrijd\/"]}]},{"@type":"ImageObject","inLanguage":"nl-NL","@id":"https:\/\/www.fecamo.com\/nl\/wedstrijd\/#primaryimage","url":"https:\/\/www.fecamo.com\/wp-content\/uploads\/2021\/12\/banner.jpg","contentUrl":"https:\/\/www.fecamo.com\/wp-content\/uploads\/2021\/12\/banner.jpg","width":1800,"height":444,"caption":"banner"},{"@type":"BreadcrumbList","@id":"https:\/\/www.fecamo.com\/nl\/wedstrijd\/#breadcrumb","itemListElement":[{"@type":"ListItem","position":1,"name":"Accueil","item":"https:\/\/www.fecamo.com\/nl\/"},{"@type":"ListItem","position":2,"name":"Wedstrijd"}]},{"@type":"WebSite","@id":"https:\/\/www.fecamo.com\/nl\/#website","url":"https:\/\/www.fecamo.com\/nl\/","name":"FeCaMo","description":"La F\u00e9d\u00e9ration des Carreleurs et Mosa\u00efstes | De Federatie voor de Tegelzetters en Moza\u00efekwerkers","publisher":{"@id":"https:\/\/www.fecamo.com\/nl\/#organization"},"potentialAction":[{"@type":"SearchAction","target":{"@type":"EntryPoint","urlTemplate":"https:\/\/www.fecamo.com\/nl\/?s={search_term_string}"},"query-input":{"@type":"PropertyValueSpecification","valueRequired":true,"valueName":"search_term_string"}}],"inLanguage":"nl-NL"},{"@type":"Organization","@id":"https:\/\/www.fecamo.com\/nl\/#organization","name":"FeCaMo","url":"https:\/\/www.fecamo.com\/nl\/","logo":{"@type":"ImageObject","inLanguage":"nl-NL","@id":"https:\/\/www.fecamo.com\/nl\/#\/schema\/logo\/image\/","url":"https:\/\/www.fecamo.com\/wp-content\/uploads\/2021\/12\/fecamo.jpg","contentUrl":"https:\/\/www.fecamo.com\/wp-content\/uploads\/2021\/12\/fecamo.jpg","width":188,"height":95,"caption":"FeCaMo"},"image":{"@id":"https:\/\/www.fecamo.com\/nl\/#\/schema\/logo\/image\/"},"sameAs":["https:\/\/www.facebook.com\/tegels.carrelages\/","https:\/\/www.pinterest.com\/tegelscarrelage\/"]}]}},"_links":{"self":[{"href":"https:\/\/www.fecamo.com\/nl\/wp-json\/wp\/v2\/pages\/6887","targetHints":{"allow":["GET"]}}],"collection":[{"href":"https:\/\/www.fecamo.com\/nl\/wp-json\/wp\/v2\/pages"}],"about":[{"href":"https:\/\/www.fecamo.com\/nl\/wp-json\/wp\/v2\/types\/page"}],"author":[{"embeddable":true,"href":"https:\/\/www.fecamo.com\/nl\/wp-json\/wp\/v2\/users\/1"}],"replies":[{"embeddable":true,"href":"https:\/\/www.fecamo.com\/nl\/wp-json\/wp\/v2\/comments?post=6887"}],"version-history":[{"count":8,"href":"https:\/\/www.fecamo.com\/nl\/wp-json\/wp\/v2\/pages\/6887\/revisions"}],"predecessor-version":[{"id":11429,"href":"https:\/\/www.fecamo.com\/nl\/wp-json\/wp\/v2\/pages\/6887\/revisions\/11429"}],"wp:featuredmedia":[{"embeddable":true,"href":"https:\/\/www.fecamo.com\/nl\/wp-json\/wp\/v2\/media\/5638"}],"wp:attachment":[{"href":"https:\/\/www.fecamo.com\/nl\/wp-json\/wp\/v2\/media?parent=6887"}],"curies":[{"name":"wp","href":"https:\/\/api.w.org\/{rel}","templated":true}]}}