{"id":6405,"date":"2022-02-21T15:45:59","date_gmt":"2022-02-21T15:45:59","guid":{"rendered":"https:\/\/www.fecamo.com\/publicaties\/"},"modified":"2022-09-27T09:05:43","modified_gmt":"2022-09-27T09:05:43","slug":"pers","status":"publish","type":"page","link":"https:\/\/www.fecamo.com\/nl\/pers\/","title":{"rendered":"Pers"},"content":{"rendered":"<div class=\"fusion-fullwidth fullwidth-box fusion-builder-row-1 fusion-flex-container nonhundred-percent-fullwidth non-hundred-percent-height-scrolling\" style=\"--awb-border-radius-top-left:0px;--awb-border-radius-top-right:0px;--awb-border-radius-bottom-right:0px;--awb-border-radius-bottom-left:0px;--awb-margin-top:-35px;--awb-flex-wrap:wrap;\" ><div class=\"fusion-builder-row fusion-row fusion-flex-align-items-flex-start fusion-flex-content-wrap\" style=\"max-width:1216.8px;margin-left: calc(-4% \/ 2 );margin-right: calc(-4% \/ 2 );\"><div class=\"fusion-layout-column fusion_builder_column fusion-builder-column-0 fusion_builder_column_1_1 1_1 fusion-flex-column\" style=\"--awb-bg-size:cover;--awb-width-large:100%;--awb-margin-top-large:0px;--awb-spacing-right-large:1.92%;--awb-margin-bottom-large:60px;--awb-spacing-left-large:1.92%;--awb-width-medium:100%;--awb-order-medium:0;--awb-spacing-right-medium:1.92%;--awb-spacing-left-medium:1.92%;--awb-width-small:100%;--awb-order-small:0;--awb-spacing-right-small:1.92%;--awb-spacing-left-small:1.92%;\"><div class=\"fusion-column-wrapper fusion-column-has-shadow fusion-flex-justify-content-flex-start fusion-content-layout-column\"><div class=\"fusion-title title fusion-title-1 fusion-title-center fusion-title-text fusion-title-size-two\"><div class=\"title-sep-container title-sep-container-left\"><div class=\"title-sep sep- sep-solid\" style=\"border-color:#e2e2e2;\"><\/div><\/div><span class=\"awb-title-spacer\"><\/span><h2 class=\"fusion-title-heading title-heading-center fusion-responsive-typography-calculated\" style=\"margin:0;--fontSize:42;line-height:1.31;\">Persberichten<\/h2><span class=\"awb-title-spacer\"><\/span><div class=\"title-sep-container title-sep-container-right\"><div class=\"title-sep sep- sep-solid\" style=\"border-color:#e2e2e2;\"><\/div><\/div><\/div><div class=\"fusion-separator fusion-full-width-sep\" style=\"align-self: center;margin-left: auto;margin-right: auto;margin-bottom:35px;width:100%;\"><\/div><\/div><\/div><\/div><\/div>\n","protected":false},"excerpt":{"rendered":"","protected":false},"author":1,"featured_media":5638,"parent":0,"menu_order":0,"comment_status":"closed","ping_status":"closed","template":"100-width.php","meta":{"footnotes":""},"class_list":["post-6405","page","type-page","status-publish","has-post-thumbnail","hentry"],"yoast_head":"<!-- This site is optimized with the Yoast SEO plugin v26.9 - https:\/\/yoast.com\/product\/yoast-seo-wordpress\/ -->\n<title>Pers - FeCaMo<\/title>\n<meta name=\"robots\" content=\"index, follow, max-snippet:-1, max-image-preview:large, max-video-preview:-1\" \/>\n<link rel=\"canonical\" href=\"https:\/\/www.fecamo.com\/nl\/pers\/\" \/>\n<meta property=\"og:locale\" content=\"nl_NL\" \/>\n<meta property=\"og:type\" content=\"article\" \/>\n<meta property=\"og:title\" content=\"Pers - FeCaMo\" \/>\n<meta property=\"og:url\" content=\"https:\/\/www.fecamo.com\/nl\/pers\/\" \/>\n<meta property=\"og:site_name\" content=\"FeCaMo\" \/>\n<meta property=\"article:publisher\" content=\"https:\/\/www.facebook.com\/tegels.carrelages\/\" \/>\n<meta property=\"article:modified_time\" content=\"2022-09-27T09:05:43+00:00\" \/>\n<meta property=\"og:image\" content=\"https:\/\/www.fecamo.com\/wp-content\/uploads\/2021\/12\/banner.jpg\" \/>\n\t<meta property=\"og:image:width\" content=\"1800\" \/>\n\t<meta property=\"og:image:height\" content=\"444\" \/>\n\t<meta property=\"og:image:type\" content=\"image\/jpeg\" \/>\n<meta name=\"twitter:card\" content=\"summary_large_image\" \/>\n<meta name=\"twitter:label1\" content=\"Geschatte leestijd\" \/>\n\t<meta name=\"twitter:data1\" content=\"2 minuten\" \/>\n<script type=\"application\/ld+json\" class=\"yoast-schema-graph\">{\"@context\":\"https:\/\/schema.org\",\"@graph\":[{\"@type\":\"WebPage\",\"@id\":\"https:\/\/www.fecamo.com\/nl\/pers\/\",\"url\":\"https:\/\/www.fecamo.com\/nl\/pers\/\",\"name\":\"Pers - FeCaMo\",\"isPartOf\":{\"@id\":\"https:\/\/www.fecamo.com\/nl\/#website\"},\"primaryImageOfPage\":{\"@id\":\"https:\/\/www.fecamo.com\/nl\/pers\/#primaryimage\"},\"image\":{\"@id\":\"https:\/\/www.fecamo.com\/nl\/pers\/#primaryimage\"},\"thumbnailUrl\":\"https:\/\/www.fecamo.com\/wp-content\/uploads\/2021\/12\/banner.jpg\",\"datePublished\":\"2022-02-21T15:45:59+00:00\",\"dateModified\":\"2022-09-27T09:05:43+00:00\",\"breadcrumb\":{\"@id\":\"https:\/\/www.fecamo.com\/nl\/pers\/#breadcrumb\"},\"inLanguage\":\"nl-NL\",\"potentialAction\":[{\"@type\":\"ReadAction\",\"target\":[\"https:\/\/www.fecamo.com\/nl\/pers\/\"]}]},{\"@type\":\"ImageObject\",\"inLanguage\":\"nl-NL\",\"@id\":\"https:\/\/www.fecamo.com\/nl\/pers\/#primaryimage\",\"url\":\"https:\/\/www.fecamo.com\/wp-content\/uploads\/2021\/12\/banner.jpg\",\"contentUrl\":\"https:\/\/www.fecamo.com\/wp-content\/uploads\/2021\/12\/banner.jpg\",\"width\":1800,\"height\":444,\"caption\":\"banner\"},{\"@type\":\"BreadcrumbList\",\"@id\":\"https:\/\/www.fecamo.com\/nl\/pers\/#breadcrumb\",\"itemListElement\":[{\"@type\":\"ListItem\",\"position\":1,\"name\":\"Accueil\",\"item\":\"https:\/\/www.fecamo.com\/nl\/\"},{\"@type\":\"ListItem\",\"position\":2,\"name\":\"Pers\"}]},{\"@type\":\"WebSite\",\"@id\":\"https:\/\/www.fecamo.com\/nl\/#website\",\"url\":\"https:\/\/www.fecamo.com\/nl\/\",\"name\":\"FeCaMo\",\"description\":\"La F\u00e9d\u00e9ration des Carreleurs et Mosa\u00efstes | De Federatie voor de Tegelzetters en Moza\u00efekwerkers\",\"publisher\":{\"@id\":\"https:\/\/www.fecamo.com\/nl\/#organization\"},\"potentialAction\":[{\"@type\":\"SearchAction\",\"target\":{\"@type\":\"EntryPoint\",\"urlTemplate\":\"https:\/\/www.fecamo.com\/nl\/?s={search_term_string}\"},\"query-input\":{\"@type\":\"PropertyValueSpecification\",\"valueRequired\":true,\"valueName\":\"search_term_string\"}}],\"inLanguage\":\"nl-NL\"},{\"@type\":\"Organization\",\"@id\":\"https:\/\/www.fecamo.com\/nl\/#organization\",\"name\":\"FeCaMo\",\"url\":\"https:\/\/www.fecamo.com\/nl\/\",\"logo\":{\"@type\":\"ImageObject\",\"inLanguage\":\"nl-NL\",\"@id\":\"https:\/\/www.fecamo.com\/nl\/#\/schema\/logo\/image\/\",\"url\":\"https:\/\/www.fecamo.com\/wp-content\/uploads\/2021\/12\/fecamo.jpg\",\"contentUrl\":\"https:\/\/www.fecamo.com\/wp-content\/uploads\/2021\/12\/fecamo.jpg\",\"width\":188,\"height\":95,\"caption\":\"FeCaMo\"},\"image\":{\"@id\":\"https:\/\/www.fecamo.com\/nl\/#\/schema\/logo\/image\/\"},\"sameAs\":[\"https:\/\/www.facebook.com\/tegels.carrelages\/\",\"https:\/\/www.pinterest.com\/tegelscarrelage\/\"]}]}<\/script>\n<!-- \/ Yoast SEO plugin. -->","yoast_head_json":{"title":"Pers - FeCaMo","robots":{"index":"index","follow":"follow","max-snippet":"max-snippet:-1","max-image-preview":"max-image-preview:large","max-video-preview":"max-video-preview:-1"},"canonical":"https:\/\/www.fecamo.com\/nl\/pers\/","og_locale":"nl_NL","og_type":"article","og_title":"Pers - FeCaMo","og_url":"https:\/\/www.fecamo.com\/nl\/pers\/","og_site_name":"FeCaMo","article_publisher":"https:\/\/www.facebook.com\/tegels.carrelages\/","article_modified_time":"2022-09-27T09:05:43+00:00","og_image":[{"width":1800,"height":444,"url":"https:\/\/www.fecamo.com\/wp-content\/uploads\/2021\/12\/banner.jpg","type":"image\/jpeg"}],"twitter_card":"summary_large_image","twitter_misc":{"Geschatte leestijd":"2 minuten"},"schema":{"@context":"https:\/\/schema.org","@graph":[{"@type":"WebPage","@id":"https:\/\/www.fecamo.com\/nl\/pers\/","url":"https:\/\/www.fecamo.com\/nl\/pers\/","name":"Pers - FeCaMo","isPartOf":{"@id":"https:\/\/www.fecamo.com\/nl\/#website"},"primaryImageOfPage":{"@id":"https:\/\/www.fecamo.com\/nl\/pers\/#primaryimage"},"image":{"@id":"https:\/\/www.fecamo.com\/nl\/pers\/#primaryimage"},"thumbnailUrl":"https:\/\/www.fecamo.com\/wp-content\/uploads\/2021\/12\/banner.jpg","datePublished":"2022-02-21T15:45:59+00:00","dateModified":"2022-09-27T09:05:43+00:00","breadcrumb":{"@id":"https:\/\/www.fecamo.com\/nl\/pers\/#breadcrumb"},"inLanguage":"nl-NL","potentialAction":[{"@type":"ReadAction","target":["https:\/\/www.fecamo.com\/nl\/pers\/"]}]},{"@type":"ImageObject","inLanguage":"nl-NL","@id":"https:\/\/www.fecamo.com\/nl\/pers\/#primaryimage","url":"https:\/\/www.fecamo.com\/wp-content\/uploads\/2021\/12\/banner.jpg","contentUrl":"https:\/\/www.fecamo.com\/wp-content\/uploads\/2021\/12\/banner.jpg","width":1800,"height":444,"caption":"banner"},{"@type":"BreadcrumbList","@id":"https:\/\/www.fecamo.com\/nl\/pers\/#breadcrumb","itemListElement":[{"@type":"ListItem","position":1,"name":"Accueil","item":"https:\/\/www.fecamo.com\/nl\/"},{"@type":"ListItem","position":2,"name":"Pers"}]},{"@type":"WebSite","@id":"https:\/\/www.fecamo.com\/nl\/#website","url":"https:\/\/www.fecamo.com\/nl\/","name":"FeCaMo","description":"La F\u00e9d\u00e9ration des Carreleurs et Mosa\u00efstes | De Federatie voor de Tegelzetters en Moza\u00efekwerkers","publisher":{"@id":"https:\/\/www.fecamo.com\/nl\/#organization"},"potentialAction":[{"@type":"SearchAction","target":{"@type":"EntryPoint","urlTemplate":"https:\/\/www.fecamo.com\/nl\/?s={search_term_string}"},"query-input":{"@type":"PropertyValueSpecification","valueRequired":true,"valueName":"search_term_string"}}],"inLanguage":"nl-NL"},{"@type":"Organization","@id":"https:\/\/www.fecamo.com\/nl\/#organization","name":"FeCaMo","url":"https:\/\/www.fecamo.com\/nl\/","logo":{"@type":"ImageObject","inLanguage":"nl-NL","@id":"https:\/\/www.fecamo.com\/nl\/#\/schema\/logo\/image\/","url":"https:\/\/www.fecamo.com\/wp-content\/uploads\/2021\/12\/fecamo.jpg","contentUrl":"https:\/\/www.fecamo.com\/wp-content\/uploads\/2021\/12\/fecamo.jpg","width":188,"height":95,"caption":"FeCaMo"},"image":{"@id":"https:\/\/www.fecamo.com\/nl\/#\/schema\/logo\/image\/"},"sameAs":["https:\/\/www.facebook.com\/tegels.carrelages\/","https:\/\/www.pinterest.com\/tegelscarrelage\/"]}]}},"_links":{"self":[{"href":"https:\/\/www.fecamo.com\/nl\/wp-json\/wp\/v2\/pages\/6405","targetHints":{"allow":["GET"]}}],"collection":[{"href":"https:\/\/www.fecamo.com\/nl\/wp-json\/wp\/v2\/pages"}],"about":[{"href":"https:\/\/www.fecamo.com\/nl\/wp-json\/wp\/v2\/types\/page"}],"author":[{"embeddable":true,"href":"https:\/\/www.fecamo.com\/nl\/wp-json\/wp\/v2\/users\/1"}],"replies":[{"embeddable":true,"href":"https:\/\/www.fecamo.com\/nl\/wp-json\/wp\/v2\/comments?post=6405"}],"version-history":[{"count":0,"href":"https:\/\/www.fecamo.com\/nl\/wp-json\/wp\/v2\/pages\/6405\/revisions"}],"wp:featuredmedia":[{"embeddable":true,"href":"https:\/\/www.fecamo.com\/nl\/wp-json\/wp\/v2\/media\/5638"}],"wp:attachment":[{"href":"https:\/\/www.fecamo.com\/nl\/wp-json\/wp\/v2\/media?parent=6405"}],"curies":[{"name":"wp","href":"https:\/\/api.w.org\/{rel}","templated":true}]}}