{"id":10179,"date":"2024-11-14T08:44:05","date_gmt":"2024-11-14T08:44:05","guid":{"rendered":"https:\/\/www.fecamo.com\/nacht-van-de-tegelzetter\/"},"modified":"2025-02-13T11:20:20","modified_gmt":"2025-02-13T11:20:20","slug":"nacht-van-de-tegelzetters","status":"publish","type":"page","link":"https:\/\/www.fecamo.com\/nl\/nacht-van-de-tegelzetters\/","title":{"rendered":"Nacht van de Tegelzetters"},"content":{"rendered":"<div class=\"fusion-fullwidth fullwidth-box fusion-builder-row-1 fusion-flex-container has-pattern-background has-mask-background nonhundred-percent-fullwidth non-hundred-percent-height-scrolling\" style=\"--awb-background-position:left top;--awb-border-radius-top-left:0px;--awb-border-radius-top-right:0px;--awb-border-radius-bottom-right:0px;--awb-border-radius-bottom-left:0px;--awb-margin-bottom:35px;--awb-flex-wrap:wrap;\" ><div class=\"fusion-builder-row fusion-row fusion-flex-align-items-flex-start fusion-flex-content-wrap\" style=\"max-width:1216.8px;margin-left: calc(-4% \/ 2 );margin-right: calc(-4% \/ 2 );\"><div class=\"fusion-layout-column fusion_builder_column fusion-builder-column-0 fusion_builder_column_1_1 1_1 fusion-flex-column fusion-flex-align-self-flex-start fusion-column-no-min-height\" style=\"--awb-padding-right:15px;--awb-padding-left:15px;--awb-bg-blend:overlay;--awb-bg-size:cover;--awb-width-large:100%;--awb-margin-top-large:0px;--awb-spacing-right-large:1.92%;--awb-margin-bottom-large:35px;--awb-spacing-left-large:1.92%;--awb-width-medium:100%;--awb-order-medium:0;--awb-spacing-right-medium:1.92%;--awb-spacing-left-medium:1.92%;--awb-width-small:100%;--awb-order-small:0;--awb-spacing-right-small:1.92%;--awb-spacing-left-small:1.92%;\"><div class=\"fusion-column-wrapper fusion-column-has-shadow fusion-flex-justify-content-flex-start fusion-content-layout-column\"><div class=\"fusion-title title fusion-title-1 fusion-title-center fusion-title-text fusion-title-size-two\" style=\"--awb-text-color:#5e2171;\"><div class=\"title-sep-container title-sep-container-left\"><div class=\"title-sep sep- sep-solid\" style=\"border-color:#e2e2e2;\"><\/div><\/div><span class=\"awb-title-spacer\"><\/span><h2 class=\"fusion-title-heading title-heading-center fusion-responsive-typography-calculated\" style=\"margin:0;--fontSize:42;line-height:1.31;\"><strong>Nacht van de Tegelzetters 2025<\/strong><\/h2><span class=\"awb-title-spacer\"><\/span><div class=\"title-sep-container title-sep-container-right\"><div class=\"title-sep sep- sep-solid\" style=\"border-color:#e2e2e2;\"><\/div><\/div><\/div><div class=\"fusion-image-element \" style=\"text-align:center;--awb-caption-title-font-family:var(--h2_typography-font-family);--awb-caption-title-font-weight:var(--h2_typography-font-weight);--awb-caption-title-font-style:var(--h2_typography-font-style);--awb-caption-title-size:var(--h2_typography-font-size);--awb-caption-title-transform:var(--h2_typography-text-transform);--awb-caption-title-line-height:var(--h2_typography-line-height);--awb-caption-title-letter-spacing:var(--h2_typography-letter-spacing);\"><span class=\" fusion-imageframe imageframe-none imageframe-1 hover-type-none\"><a href=\"https:\/\/www.fecamo.com\/wp-content\/uploads\/2025\/01\/Nacht-van-de-Tegelzetters-keg-nl-250107-732x1024.jpg\" class=\"fusion-lightbox\" data-rel=\"iLightbox[c796fe748498db69884]\" data-title=\"Nacht van de Tegelzetters keg nl 250107\" title=\"Nacht van de Tegelzetters keg nl 250107\"><img decoding=\"async\" width=\"732\" height=\"1024\" src=\"https:\/\/www.fecamo.com\/wp-content\/uploads\/2025\/01\/Nacht-van-de-Tegelzetters-keg-nl-250107-732x1024.jpg\" alt class=\"img-responsive wp-image-10772\" srcset=\"https:\/\/www.fecamo.com\/wp-content\/uploads\/2025\/01\/Nacht-van-de-Tegelzetters-keg-nl-250107-200x280.jpg 200w, https:\/\/www.fecamo.com\/wp-content\/uploads\/2025\/01\/Nacht-van-de-Tegelzetters-keg-nl-250107-400x560.jpg 400w, https:\/\/www.fecamo.com\/wp-content\/uploads\/2025\/01\/Nacht-van-de-Tegelzetters-keg-nl-250107-600x840.jpg 600w, https:\/\/www.fecamo.com\/wp-content\/uploads\/2025\/01\/Nacht-van-de-Tegelzetters-keg-nl-250107-800x1119.jpg 800w, https:\/\/www.fecamo.com\/wp-content\/uploads\/2025\/01\/Nacht-van-de-Tegelzetters-keg-nl-250107.jpg 1072w\" sizes=\"(max-width: 1024px) 100vw, (max-width: 640px) 100vw, 732px\" \/><\/a><\/span><\/div><div class=\"fusion-separator fusion-full-width-sep\" style=\"align-self: center;margin-left: auto;margin-right: auto;margin-bottom:35px;width:100%;\"><\/div><div class=\"fusion-title title fusion-title-2 fusion-title-center fusion-title-text fusion-title-size-two\"><div class=\"title-sep-container title-sep-container-left\"><div class=\"title-sep sep- sep-solid\" style=\"border-color:#e2e2e2;\"><\/div><\/div><span class=\"awb-title-spacer\"><\/span><h2 class=\"fusion-title-heading title-heading-center fusion-responsive-typography-calculated\" style=\"margin:0;--fontSize:42;line-height:1.31;\">Aftermovie<\/h2><span class=\"awb-title-spacer\"><\/span><div class=\"title-sep-container title-sep-container-right\"><div class=\"title-sep sep- sep-solid\" style=\"border-color:#e2e2e2;\"><\/div><\/div><\/div><div class=\"fusion-video fusion-youtube\" style=\"--awb-max-width:854px;--awb-max-height:480px;--awb-align-self:center;--awb-width:100%;\"><div class=\"video-shortcode\"><div class=\"fluid-width-video-wrapper\" style=\"padding-top:56.21%;\" ><iframe title=\"YouTube video player 1\" src=\"https:\/\/www.youtube.com\/embed\/lH-4tiVaw08?wmode=transparent&autoplay=0\" width=\"854\" height=\"480\" allowfullscreen allow=\"autoplay; clipboard-write; encrypted-media; gyroscope; picture-in-picture;\"><\/iframe><\/div><\/div><\/div><\/div><\/div><\/div><\/div>\n","protected":false},"excerpt":{"rendered":"","protected":false},"author":1,"featured_media":5638,"parent":0,"menu_order":0,"comment_status":"closed","ping_status":"closed","template":"100-width.php","meta":{"footnotes":""},"class_list":["post-10179","page","type-page","status-publish","has-post-thumbnail","hentry"],"yoast_head":"<!-- This site is optimized with the Yoast SEO plugin v26.9 - https:\/\/yoast.com\/product\/yoast-seo-wordpress\/ -->\n<title>Nacht van de Tegelzetters - FeCaMo<\/title>\n<meta name=\"robots\" content=\"index, follow, max-snippet:-1, max-image-preview:large, max-video-preview:-1\" \/>\n<link rel=\"canonical\" href=\"https:\/\/www.fecamo.com\/nl\/nacht-van-de-tegelzetters\/\" \/>\n<meta property=\"og:locale\" content=\"nl_NL\" \/>\n<meta property=\"og:type\" content=\"article\" \/>\n<meta property=\"og:title\" content=\"Nacht van de Tegelzetters - FeCaMo\" \/>\n<meta property=\"og:url\" content=\"https:\/\/www.fecamo.com\/nl\/nacht-van-de-tegelzetters\/\" \/>\n<meta property=\"og:site_name\" content=\"FeCaMo\" \/>\n<meta property=\"article:publisher\" content=\"https:\/\/www.facebook.com\/tegels.carrelages\/\" \/>\n<meta property=\"article:modified_time\" content=\"2025-02-13T11:20:20+00:00\" \/>\n<meta property=\"og:image\" content=\"https:\/\/www.fecamo.com\/wp-content\/uploads\/2021\/12\/banner.jpg\" \/>\n\t<meta property=\"og:image:width\" content=\"1800\" \/>\n\t<meta property=\"og:image:height\" content=\"444\" \/>\n\t<meta property=\"og:image:type\" content=\"image\/jpeg\" \/>\n<meta name=\"twitter:card\" content=\"summary_large_image\" \/>\n<meta name=\"twitter:label1\" content=\"Geschatte leestijd\" \/>\n\t<meta name=\"twitter:data1\" content=\"1 minuut\" \/>\n<script type=\"application\/ld+json\" class=\"yoast-schema-graph\">{\"@context\":\"https:\/\/schema.org\",\"@graph\":[{\"@type\":\"WebPage\",\"@id\":\"https:\/\/www.fecamo.com\/nl\/nacht-van-de-tegelzetters\/\",\"url\":\"https:\/\/www.fecamo.com\/nl\/nacht-van-de-tegelzetters\/\",\"name\":\"Nacht van de Tegelzetters - FeCaMo\",\"isPartOf\":{\"@id\":\"https:\/\/www.fecamo.com\/nl\/#website\"},\"primaryImageOfPage\":{\"@id\":\"https:\/\/www.fecamo.com\/nl\/nacht-van-de-tegelzetters\/#primaryimage\"},\"image\":{\"@id\":\"https:\/\/www.fecamo.com\/nl\/nacht-van-de-tegelzetters\/#primaryimage\"},\"thumbnailUrl\":\"https:\/\/www.fecamo.com\/wp-content\/uploads\/2021\/12\/banner.jpg\",\"datePublished\":\"2024-11-14T08:44:05+00:00\",\"dateModified\":\"2025-02-13T11:20:20+00:00\",\"breadcrumb\":{\"@id\":\"https:\/\/www.fecamo.com\/nl\/nacht-van-de-tegelzetters\/#breadcrumb\"},\"inLanguage\":\"nl-NL\",\"potentialAction\":[{\"@type\":\"ReadAction\",\"target\":[\"https:\/\/www.fecamo.com\/nl\/nacht-van-de-tegelzetters\/\"]}]},{\"@type\":\"ImageObject\",\"inLanguage\":\"nl-NL\",\"@id\":\"https:\/\/www.fecamo.com\/nl\/nacht-van-de-tegelzetters\/#primaryimage\",\"url\":\"https:\/\/www.fecamo.com\/wp-content\/uploads\/2021\/12\/banner.jpg\",\"contentUrl\":\"https:\/\/www.fecamo.com\/wp-content\/uploads\/2021\/12\/banner.jpg\",\"width\":1800,\"height\":444,\"caption\":\"banner\"},{\"@type\":\"BreadcrumbList\",\"@id\":\"https:\/\/www.fecamo.com\/nl\/nacht-van-de-tegelzetters\/#breadcrumb\",\"itemListElement\":[{\"@type\":\"ListItem\",\"position\":1,\"name\":\"Accueil\",\"item\":\"https:\/\/www.fecamo.com\/nl\/\"},{\"@type\":\"ListItem\",\"position\":2,\"name\":\"Nacht van de Tegelzetters\"}]},{\"@type\":\"WebSite\",\"@id\":\"https:\/\/www.fecamo.com\/nl\/#website\",\"url\":\"https:\/\/www.fecamo.com\/nl\/\",\"name\":\"FeCaMo\",\"description\":\"La F\u00e9d\u00e9ration des Carreleurs et Mosa\u00efstes | De Federatie voor de Tegelzetters en Moza\u00efekwerkers\",\"publisher\":{\"@id\":\"https:\/\/www.fecamo.com\/nl\/#organization\"},\"potentialAction\":[{\"@type\":\"SearchAction\",\"target\":{\"@type\":\"EntryPoint\",\"urlTemplate\":\"https:\/\/www.fecamo.com\/nl\/?s={search_term_string}\"},\"query-input\":{\"@type\":\"PropertyValueSpecification\",\"valueRequired\":true,\"valueName\":\"search_term_string\"}}],\"inLanguage\":\"nl-NL\"},{\"@type\":\"Organization\",\"@id\":\"https:\/\/www.fecamo.com\/nl\/#organization\",\"name\":\"FeCaMo\",\"url\":\"https:\/\/www.fecamo.com\/nl\/\",\"logo\":{\"@type\":\"ImageObject\",\"inLanguage\":\"nl-NL\",\"@id\":\"https:\/\/www.fecamo.com\/nl\/#\/schema\/logo\/image\/\",\"url\":\"https:\/\/www.fecamo.com\/wp-content\/uploads\/2021\/12\/fecamo.jpg\",\"contentUrl\":\"https:\/\/www.fecamo.com\/wp-content\/uploads\/2021\/12\/fecamo.jpg\",\"width\":188,\"height\":95,\"caption\":\"FeCaMo\"},\"image\":{\"@id\":\"https:\/\/www.fecamo.com\/nl\/#\/schema\/logo\/image\/\"},\"sameAs\":[\"https:\/\/www.facebook.com\/tegels.carrelages\/\",\"https:\/\/www.pinterest.com\/tegelscarrelage\/\"]}]}<\/script>\n<!-- \/ Yoast SEO plugin. -->","yoast_head_json":{"title":"Nacht van de Tegelzetters - FeCaMo","robots":{"index":"index","follow":"follow","max-snippet":"max-snippet:-1","max-image-preview":"max-image-preview:large","max-video-preview":"max-video-preview:-1"},"canonical":"https:\/\/www.fecamo.com\/nl\/nacht-van-de-tegelzetters\/","og_locale":"nl_NL","og_type":"article","og_title":"Nacht van de Tegelzetters - FeCaMo","og_url":"https:\/\/www.fecamo.com\/nl\/nacht-van-de-tegelzetters\/","og_site_name":"FeCaMo","article_publisher":"https:\/\/www.facebook.com\/tegels.carrelages\/","article_modified_time":"2025-02-13T11:20:20+00:00","og_image":[{"width":1800,"height":444,"url":"https:\/\/www.fecamo.com\/wp-content\/uploads\/2021\/12\/banner.jpg","type":"image\/jpeg"}],"twitter_card":"summary_large_image","twitter_misc":{"Geschatte leestijd":"1 minuut"},"schema":{"@context":"https:\/\/schema.org","@graph":[{"@type":"WebPage","@id":"https:\/\/www.fecamo.com\/nl\/nacht-van-de-tegelzetters\/","url":"https:\/\/www.fecamo.com\/nl\/nacht-van-de-tegelzetters\/","name":"Nacht van de Tegelzetters - FeCaMo","isPartOf":{"@id":"https:\/\/www.fecamo.com\/nl\/#website"},"primaryImageOfPage":{"@id":"https:\/\/www.fecamo.com\/nl\/nacht-van-de-tegelzetters\/#primaryimage"},"image":{"@id":"https:\/\/www.fecamo.com\/nl\/nacht-van-de-tegelzetters\/#primaryimage"},"thumbnailUrl":"https:\/\/www.fecamo.com\/wp-content\/uploads\/2021\/12\/banner.jpg","datePublished":"2024-11-14T08:44:05+00:00","dateModified":"2025-02-13T11:20:20+00:00","breadcrumb":{"@id":"https:\/\/www.fecamo.com\/nl\/nacht-van-de-tegelzetters\/#breadcrumb"},"inLanguage":"nl-NL","potentialAction":[{"@type":"ReadAction","target":["https:\/\/www.fecamo.com\/nl\/nacht-van-de-tegelzetters\/"]}]},{"@type":"ImageObject","inLanguage":"nl-NL","@id":"https:\/\/www.fecamo.com\/nl\/nacht-van-de-tegelzetters\/#primaryimage","url":"https:\/\/www.fecamo.com\/wp-content\/uploads\/2021\/12\/banner.jpg","contentUrl":"https:\/\/www.fecamo.com\/wp-content\/uploads\/2021\/12\/banner.jpg","width":1800,"height":444,"caption":"banner"},{"@type":"BreadcrumbList","@id":"https:\/\/www.fecamo.com\/nl\/nacht-van-de-tegelzetters\/#breadcrumb","itemListElement":[{"@type":"ListItem","position":1,"name":"Accueil","item":"https:\/\/www.fecamo.com\/nl\/"},{"@type":"ListItem","position":2,"name":"Nacht van de Tegelzetters"}]},{"@type":"WebSite","@id":"https:\/\/www.fecamo.com\/nl\/#website","url":"https:\/\/www.fecamo.com\/nl\/","name":"FeCaMo","description":"La F\u00e9d\u00e9ration des Carreleurs et Mosa\u00efstes | De Federatie voor de Tegelzetters en Moza\u00efekwerkers","publisher":{"@id":"https:\/\/www.fecamo.com\/nl\/#organization"},"potentialAction":[{"@type":"SearchAction","target":{"@type":"EntryPoint","urlTemplate":"https:\/\/www.fecamo.com\/nl\/?s={search_term_string}"},"query-input":{"@type":"PropertyValueSpecification","valueRequired":true,"valueName":"search_term_string"}}],"inLanguage":"nl-NL"},{"@type":"Organization","@id":"https:\/\/www.fecamo.com\/nl\/#organization","name":"FeCaMo","url":"https:\/\/www.fecamo.com\/nl\/","logo":{"@type":"ImageObject","inLanguage":"nl-NL","@id":"https:\/\/www.fecamo.com\/nl\/#\/schema\/logo\/image\/","url":"https:\/\/www.fecamo.com\/wp-content\/uploads\/2021\/12\/fecamo.jpg","contentUrl":"https:\/\/www.fecamo.com\/wp-content\/uploads\/2021\/12\/fecamo.jpg","width":188,"height":95,"caption":"FeCaMo"},"image":{"@id":"https:\/\/www.fecamo.com\/nl\/#\/schema\/logo\/image\/"},"sameAs":["https:\/\/www.facebook.com\/tegels.carrelages\/","https:\/\/www.pinterest.com\/tegelscarrelage\/"]}]}},"_links":{"self":[{"href":"https:\/\/www.fecamo.com\/nl\/wp-json\/wp\/v2\/pages\/10179","targetHints":{"allow":["GET"]}}],"collection":[{"href":"https:\/\/www.fecamo.com\/nl\/wp-json\/wp\/v2\/pages"}],"about":[{"href":"https:\/\/www.fecamo.com\/nl\/wp-json\/wp\/v2\/types\/page"}],"author":[{"embeddable":true,"href":"https:\/\/www.fecamo.com\/nl\/wp-json\/wp\/v2\/users\/1"}],"replies":[{"embeddable":true,"href":"https:\/\/www.fecamo.com\/nl\/wp-json\/wp\/v2\/comments?post=10179"}],"version-history":[{"count":0,"href":"https:\/\/www.fecamo.com\/nl\/wp-json\/wp\/v2\/pages\/10179\/revisions"}],"wp:featuredmedia":[{"embeddable":true,"href":"https:\/\/www.fecamo.com\/nl\/wp-json\/wp\/v2\/media\/5638"}],"wp:attachment":[{"href":"https:\/\/www.fecamo.com\/nl\/wp-json\/wp\/v2\/media?parent=10179"}],"curies":[{"name":"wp","href":"https:\/\/api.w.org\/{rel}","templated":true}]}}