{"id":6921,"date":"2022-05-25T13:18:29","date_gmt":"2022-05-25T13:18:29","guid":{"rendered":"https:\/\/www.fecamo.com\/concours-2\/"},"modified":"2025-04-24T08:12:15","modified_gmt":"2025-04-24T08:12:15","slug":"reglement","status":"publish","type":"page","link":"https:\/\/www.fecamo.com\/fr\/concours\/reglement\/","title":{"rendered":"R\u00e9glement du Concours Fecamo"},"content":{"rendered":"<div class=\"fusion-fullwidth fullwidth-box fusion-builder-row-1 fusion-flex-container nonhundred-percent-fullwidth non-hundred-percent-height-scrolling\" style=\"--awb-background-position:left top;--awb-border-radius-top-left:0px;--awb-border-radius-top-right:0px;--awb-border-radius-bottom-right:0px;--awb-border-radius-bottom-left:0px;--awb-margin-bottom:50px;--awb-flex-wrap:wrap;\" ><div class=\"fusion-builder-row fusion-row fusion-flex-align-items-flex-start fusion-flex-content-wrap\" style=\"max-width:1216.8px;margin-left: calc(-4% \/ 2 );margin-right: calc(-4% \/ 2 );\"><div class=\"fusion-layout-column fusion_builder_column fusion-builder-column-0 fusion_builder_column_1_1 1_1 fusion-flex-column fusion-flex-align-self-flex-start fusion-column-no-min-height\" style=\"--awb-padding-right:15px;--awb-padding-left:15px;--awb-bg-blend:overlay;--awb-bg-size:cover;--awb-width-large:100%;--awb-margin-top-large:0px;--awb-spacing-right-large:1.92%;--awb-margin-bottom-large:35px;--awb-spacing-left-large:1.92%;--awb-width-medium:100%;--awb-order-medium:0;--awb-spacing-right-medium:1.92%;--awb-spacing-left-medium:1.92%;--awb-width-small:100%;--awb-order-small:0;--awb-spacing-right-small:1.92%;--awb-spacing-left-small:1.92%;\"><div class=\"fusion-column-wrapper fusion-column-has-shadow fusion-flex-justify-content-flex-start fusion-content-layout-column\"><div class=\"fusion-title title fusion-title-1 fusion-title-center fusion-title-text fusion-title-size-two\"><div class=\"title-sep-container title-sep-container-left\"><div class=\"title-sep sep- sep-solid\" style=\"border-color:#e2e2e2;\"><\/div><\/div><span class=\"awb-title-spacer\"><\/span><h2 class=\"fusion-title-heading title-heading-center fusion-responsive-typography-calculated\" style=\"margin:0;--fontSize:42;line-height:1.31;\"><p>R\u00e8glement du Concours Fecamo<br \/>\n\u00ab\u00a0Le Meilleur Carreleur 2025\u00a0\u00bb<\/p><\/h2><span class=\"awb-title-spacer\"><\/span><div class=\"title-sep-container title-sep-container-right\"><div class=\"title-sep sep- sep-solid\" style=\"border-color:#e2e2e2;\"><\/div><\/div><\/div><div class=\"fusion-text fusion-text-1\"><ol>\n<li>La F\u00e9d\u00e9ration belge du Carrelage et de la Mosa\u00efque asbl (dite Fecamo) est une asbl, dont le si\u00e8ge social est situ\u00e9 Avenue des Arts 20 \u00e0 1000 Bruxelles. Fecamo organise un concours en 2025 pour trouver \u2018Le Meilleur Carreleur 2025\u2019.<\/li>\n<\/ol>\n<ol start=\"2\">\n<li>La dur\u00e9e du concours est du 30 avril au 31 octobre 2025. Les vainqueurs de ce concours recevront leur prix lors de la Nuit des Carreleurs le 28 janvier 2026 \u00e0 Brussels Kart.<\/li>\n<\/ol>\n<ol start=\"3\">\n<li>Pour valablement participer \u00e0 ce concours, le participant au concours doit\u00a0:<\/li>\n<\/ol>\n<p>a) Prouver que le projet envoy\u00e9 a \u00e9t\u00e9 r\u00e9alis\u00e9 apr\u00e8s le 1<sup>er<\/sup> janvier 2024. Fecamo se r\u00e9serve le droit de demander une preuve \u00e9crite.<\/p>\n<p>b) Remplir le formulaire d\u2019inscription sur le site de Fecamo.<\/p>\n<p>c) Envoyer +- 10 photos afin de prouver son savoir-faire dans l\u2019une des quatre cat\u00e9gories suivantes :<\/p>\n<ul>\n<li>Mosa\u00efque<\/li>\n<li>Format standard<\/li>\n<li>Format XXL (Min 120 x 240 cm)<\/li>\n<li>Junior (-25 ans)<\/li>\n<\/ul>\n<p>d) T\u00e9l\u00e9charger les photos via mail ;<\/p>\n<p>e) Indiquer sur le formulaire d\u2019inscription dans quelle(s) cat\u00e9gorie(s) l\u2019entreprise souhaite participer. Les candidats peuvent participer \u00e0 autant de cat\u00e9gories qu\u2019ils le souhaitent, \u00e0 condition de remplir un formulaire \u00e0 pour chaque participation. \u00catre membre de Fecamo et accepter les pr\u00e9sentes conditions du concours :\u00a0 \u00ab Le Meilleur Carreleur 2025 \u00bb.<\/p>\n<ol start=\"4\">\n<li>L\u2019\u00e9valuation est effectu\u00e9e par un jury d\u2019experts. Le jury d\u2019experts s\u00e9lectionne un premier, un deuxi\u00e8me et un troisi\u00e8me laur\u00e9at pour chaque cat\u00e9gorie sur la base des images soumises. Dans un premier temps, une s\u00e9lection sera effectu\u00e9e sur la base des photos, apr\u00e8s quoi un certain nombre de visites pourraient \u00eatre organis\u00e9es pour d\u00e9signer les gagnants parmi cette s\u00e9lection. Ces visites se d\u00e9rouleraient du 1<sup>er<\/sup>\u00a0septembre au 7 octobre 2025.<\/li>\n<\/ol>\n<ol start=\"5\">\n<li>La r\u00e9compense de ce concours pour le \u2018Meilleur Carreleur\u2019 est un certificat qui mentionne la \u00ab m\u00e9daille \u00bb du candidat. Par cons\u00e9quent, des certificats d\u2019or, d\u2019argent et de bronze seront d\u00e9cern\u00e9s. Il n\u2019y a pas de prix en argent attach\u00e9 aux certificats, mais la publicit\u00e9 n\u00e9cessaire sur les qualit\u00e9s du carreleur ou mosa\u00efste est incluse.<\/li>\n<\/ol>\n<ol start=\"6\">\n<li>La participation au concours est enti\u00e8rement gratuite.<\/li>\n<\/ol>\n<ol start=\"7\">\n<li>Les gagnants et les laur\u00e9ats des deuxi\u00e8me et troisi\u00e8me places peuvent \u00eatre appel\u00e9s \u00e0 participer \u00e0 une petite c\u00e9r\u00e9monie de remise de son prix. En participant \u00e0 ce concours, le participant accepte que le nom de l\u2019entreprise soit publi\u00e9 dans les m\u00e9dias.<\/li>\n<\/ol>\n<ol start=\"8\">\n<li>Le participant demande au particulier son consentement officiel \u00e0 l&rsquo;utilisation des images. En donnant son consentement \u00e0 la participation au concours, le particulier concern\u00e9 accepte cette utilisation. Apr\u00e8s, les images, photos, films et autres supports m\u00e9dia pris lors du concours peuvent \u00eatre librement utilis\u00e9s par Fecamo dans le cadre de sa promotion et des \u00e9ditions ult\u00e9rieures ou de concours similaires organis\u00e9s.<\/li>\n<\/ol>\n<ol start=\"9\">\n<li>Par participant, on entend toute personne morale ayant un si\u00e8ge social en Belgique et qui est \u00e9galement membre de Fecamo. Fecamo se r\u00e9serve le droit de v\u00e9rifier le respect de ces conditions par les candidats inscrits. Fecamo peut rejeter toute candidature qu\u2019elle estimerait ne pas r\u00e9pondre \u00e0 ces conditions. Ses d\u00e9cisions sont sans appel et non susceptibles d\u2019un quelconque d\u00e9dommagement.<\/li>\n<\/ol>\n<ol start=\"10\">\n<li>Pour s\u2019inscrire au concours, le participant doit \u00e9galement \u00eatre en mesure de fournir une preuve de l&rsquo;existence de la personnalit\u00e9 juridique et de la qualit\u00e9 de membre.<\/li>\n<\/ol>\n<ol start=\"11\">\n<li>La participation entraine l\u2019acceptation pleine et enti\u00e8re du pr\u00e9sent r\u00e8glement, y compris les d\u00e9cisions ult\u00e9rieures que les organisateurs seraient amen\u00e9s \u00e0 prendre pour garantir sa bonne ex\u00e9cution. Si les photos soumises font partie de la s\u00e9lection, le participant est cens\u00e9 communiquer une visite au particulier.<\/li>\n<\/ol>\n<ol start=\"12\">\n<li>Fecamo se r\u00e9serve le droit, sans communication pr\u00e9alable, de modifier, de reporter ou d\u2019annuler le concours ou une partie de celui-ci, d\u2019adapter le r\u00e8glement du concours, notamment en cas de force majeure ou pour des circonstances ind\u00e9pendantes de sa volont\u00e9, sans que cela donne lieu \u00e0 une quelconque compensation ou intervention \u00e0 l\u2019\u00e9gard des participants. Fecamo ne peut pas \u00eatre tenue pour responsable \u00e0 cet \u00e9gard. En tout \u00e9tat de cause, Fecamo se r\u00e9serve le droit de reporter les dates du concours annonc\u00e9es.<\/li>\n<\/ol>\n<ol start=\"13\">\n<li>Fecamo peut exclure tout participant durant le concours qui aurait un comportement inadapt\u00e9. Ses d\u00e9cisions sont sans appel et non susceptibles d\u2019un quelconque dommage. Cette exclusion peut entra\u00eener la disqualification de plein droit de sa participation et n\u2019a d\u00e8s lors plus la possibilit\u00e9 de gagner un prix.<\/li>\n<\/ol>\n<ol start=\"14\">\n<li>En cas de violation d\u2019une des clauses du pr\u00e9sent r\u00e8glement, tentative de fraude ou de tricherie, le participant ne pourra plus se pr\u00e9valoir d&rsquo;un quelconque droit \u00e0 la r\u00e9compense pr\u00e9vue. Les organisateurs se r\u00e9servent par ailleurs le droit d\u2019exclure tout participant ayant trich\u00e9, fraud\u00e9 ou d\u00e9tourn\u00e9 le pr\u00e9sent r\u00e8glement. Fecamo ne peut pas \u00eatre tenue pour responsable \u00e0 cet \u00e9gard.<\/li>\n<\/ol>\n<ol start=\"15\">\n<li>Toute contestation ou plainte concernant le concours doit \u00eatre envoy\u00e9e par courrier recommand\u00e9 \u00e0 Fecamo, Avenue des Arts 20, 1000 Bruxelles.<\/li>\n<\/ol>\n<ol start=\"16\">\n<li>Fecamo agit conform\u00e9ment \u00e0 la loi de 1992 relative \u00e0 la protection de la vie priv\u00e9e et au R\u00e8glement (GDPR) \u00e0 l\u2019\u00e9gard du traitement de donn\u00e9es \u00e0 caract\u00e8re personnel et du droit \u00e0 l\u2019oubli. Les informations r\u00e9colt\u00e9es dans le cadre de ce concours sont exclusivement r\u00e9colt\u00e9es \u00e0 cette fin et ne seront pas divulgu\u00e9es ou communiqu\u00e9es \u00e0 des tiers.<\/li>\n<\/ol>\n<ol start=\"17\">\n<li>Ce r\u00e8glement est soumis \u00e0 la l\u00e9gislation belge et sera interpr\u00e9t\u00e9 et ex\u00e9cut\u00e9 conform\u00e9ment au droit belge. Tous les litiges \u00e9ventuels qui en d\u00e9coulent ou qui concernent cette action et qui ne peuvent pas \u00eatre solutionn\u00e9s \u00e0 l\u2019amiable seront port\u00e9s exclusivement devant les tribunaux de Bruxelles comp\u00e9tents.<\/li>\n<\/ol>\n<\/div><\/div><\/div><\/div><\/div>\n","protected":false},"excerpt":{"rendered":"","protected":false},"author":1,"featured_media":5261,"parent":6886,"menu_order":0,"comment_status":"closed","ping_status":"closed","template":"100-width.php","meta":{"footnotes":""},"class_list":["post-6921","page","type-page","status-publish","has-post-thumbnail","hentry"],"yoast_head":"<!-- This site is optimized with the Yoast SEO plugin v26.9 - https:\/\/yoast.com\/product\/yoast-seo-wordpress\/ -->\n<title>R\u00e9glement du Concours Fecamo - Fecamo<\/title>\n<meta name=\"robots\" content=\"index, follow, max-snippet:-1, max-image-preview:large, max-video-preview:-1\" \/>\n<link rel=\"canonical\" href=\"https:\/\/www.fecamo.com\/nl\/wedstrijd\/reglement\/\" \/>\n<meta property=\"og:locale\" content=\"fr_FR\" \/>\n<meta property=\"og:type\" content=\"article\" \/>\n<meta property=\"og:title\" content=\"R\u00e9glement du Concours Fecamo - Fecamo\" \/>\n<meta property=\"og:url\" content=\"https:\/\/www.fecamo.com\/nl\/wedstrijd\/reglement\/\" \/>\n<meta property=\"og:site_name\" content=\"Fecamo\" \/>\n<meta property=\"article:publisher\" content=\"https:\/\/www.facebook.com\/tegels.carrelages\/\" \/>\n<meta property=\"article:modified_time\" content=\"2025-04-24T08:12:15+00:00\" \/>\n<meta property=\"og:image\" content=\"https:\/\/www.fecamo.com\/wp-content\/uploads\/2021\/12\/banner.jpg\" \/>\n\t<meta property=\"og:image:width\" content=\"1800\" \/>\n\t<meta property=\"og:image:height\" content=\"444\" \/>\n\t<meta property=\"og:image:type\" content=\"image\/jpeg\" \/>\n<meta name=\"twitter:card\" content=\"summary_large_image\" \/>\n<meta name=\"twitter:label1\" content=\"Dur\u00e9e de lecture estim\u00e9e\" \/>\n\t<meta name=\"twitter:data1\" content=\"5 minutes\" \/>\n<script type=\"application\/ld+json\" class=\"yoast-schema-graph\">{\"@context\":\"https:\/\/schema.org\",\"@graph\":[{\"@type\":\"WebPage\",\"@id\":\"https:\/\/www.fecamo.com\/nl\/wedstrijd\/reglement\/\",\"url\":\"https:\/\/www.fecamo.com\/nl\/wedstrijd\/reglement\/\",\"name\":\"R\u00e9glement du Concours Fecamo - Fecamo\",\"isPartOf\":{\"@id\":\"https:\/\/www.fecamo.com\/nl\/#website\"},\"primaryImageOfPage\":{\"@id\":\"https:\/\/www.fecamo.com\/nl\/wedstrijd\/reglement\/#primaryimage\"},\"image\":{\"@id\":\"https:\/\/www.fecamo.com\/nl\/wedstrijd\/reglement\/#primaryimage\"},\"thumbnailUrl\":\"https:\/\/www.fecamo.com\/wp-content\/uploads\/2021\/12\/banner.jpg\",\"datePublished\":\"2022-05-25T13:18:29+00:00\",\"dateModified\":\"2025-04-24T08:12:15+00:00\",\"breadcrumb\":{\"@id\":\"https:\/\/www.fecamo.com\/nl\/wedstrijd\/reglement\/#breadcrumb\"},\"inLanguage\":\"fr-FR\",\"potentialAction\":[{\"@type\":\"ReadAction\",\"target\":[\"https:\/\/www.fecamo.com\/nl\/wedstrijd\/reglement\/\"]}]},{\"@type\":\"ImageObject\",\"inLanguage\":\"fr-FR\",\"@id\":\"https:\/\/www.fecamo.com\/nl\/wedstrijd\/reglement\/#primaryimage\",\"url\":\"https:\/\/www.fecamo.com\/wp-content\/uploads\/2021\/12\/banner.jpg\",\"contentUrl\":\"https:\/\/www.fecamo.com\/wp-content\/uploads\/2021\/12\/banner.jpg\",\"width\":1800,\"height\":444},{\"@type\":\"BreadcrumbList\",\"@id\":\"https:\/\/www.fecamo.com\/nl\/wedstrijd\/reglement\/#breadcrumb\",\"itemListElement\":[{\"@type\":\"ListItem\",\"position\":1,\"name\":\"Accueil\",\"item\":\"https:\/\/www.fecamo.com\/fr\/\"},{\"@type\":\"ListItem\",\"position\":2,\"name\":\"Concours\",\"item\":\"https:\/\/www.fecamo.com\/fr\/concours\/\"},{\"@type\":\"ListItem\",\"position\":3,\"name\":\"R\u00e9glement du Concours Fecamo\"}]},{\"@type\":\"WebSite\",\"@id\":\"https:\/\/www.fecamo.com\/nl\/#website\",\"url\":\"https:\/\/www.fecamo.com\/nl\/\",\"name\":\"Fecamo\",\"description\":\"La F\u00e9d\u00e9ration des Carreleurs et Mosa\u00efstes\",\"publisher\":{\"@id\":\"https:\/\/www.fecamo.com\/nl\/#organization\"},\"potentialAction\":[{\"@type\":\"SearchAction\",\"target\":{\"@type\":\"EntryPoint\",\"urlTemplate\":\"https:\/\/www.fecamo.com\/nl\/?s={search_term_string}\"},\"query-input\":{\"@type\":\"PropertyValueSpecification\",\"valueRequired\":true,\"valueName\":\"search_term_string\"}}],\"inLanguage\":\"fr-FR\"},{\"@type\":\"Organization\",\"@id\":\"https:\/\/www.fecamo.com\/nl\/#organization\",\"name\":\"FeCaMo\",\"url\":\"https:\/\/www.fecamo.com\/nl\/\",\"logo\":{\"@type\":\"ImageObject\",\"inLanguage\":\"fr-FR\",\"@id\":\"https:\/\/www.fecamo.com\/nl\/#\/schema\/logo\/image\/\",\"url\":\"https:\/\/www.fecamo.com\/wp-content\/uploads\/2021\/12\/fecamo.jpg\",\"contentUrl\":\"https:\/\/www.fecamo.com\/wp-content\/uploads\/2021\/12\/fecamo.jpg\",\"width\":188,\"height\":95,\"caption\":\"FeCaMo\"},\"image\":{\"@id\":\"https:\/\/www.fecamo.com\/nl\/#\/schema\/logo\/image\/\"},\"sameAs\":[\"https:\/\/www.facebook.com\/tegels.carrelages\/\",\"https:\/\/www.pinterest.com\/tegelscarrelage\/\"]}]}<\/script>\n<!-- \/ Yoast SEO plugin. -->","yoast_head_json":{"title":"R\u00e9glement du Concours Fecamo - Fecamo","robots":{"index":"index","follow":"follow","max-snippet":"max-snippet:-1","max-image-preview":"max-image-preview:large","max-video-preview":"max-video-preview:-1"},"canonical":"https:\/\/www.fecamo.com\/nl\/wedstrijd\/reglement\/","og_locale":"fr_FR","og_type":"article","og_title":"R\u00e9glement du Concours Fecamo - Fecamo","og_url":"https:\/\/www.fecamo.com\/nl\/wedstrijd\/reglement\/","og_site_name":"Fecamo","article_publisher":"https:\/\/www.facebook.com\/tegels.carrelages\/","article_modified_time":"2025-04-24T08:12:15+00:00","og_image":[{"width":1800,"height":444,"url":"https:\/\/www.fecamo.com\/wp-content\/uploads\/2021\/12\/banner.jpg","type":"image\/jpeg"}],"twitter_card":"summary_large_image","twitter_misc":{"Dur\u00e9e de lecture estim\u00e9e":"5 minutes"},"schema":{"@context":"https:\/\/schema.org","@graph":[{"@type":"WebPage","@id":"https:\/\/www.fecamo.com\/nl\/wedstrijd\/reglement\/","url":"https:\/\/www.fecamo.com\/nl\/wedstrijd\/reglement\/","name":"R\u00e9glement du Concours Fecamo - Fecamo","isPartOf":{"@id":"https:\/\/www.fecamo.com\/nl\/#website"},"primaryImageOfPage":{"@id":"https:\/\/www.fecamo.com\/nl\/wedstrijd\/reglement\/#primaryimage"},"image":{"@id":"https:\/\/www.fecamo.com\/nl\/wedstrijd\/reglement\/#primaryimage"},"thumbnailUrl":"https:\/\/www.fecamo.com\/wp-content\/uploads\/2021\/12\/banner.jpg","datePublished":"2022-05-25T13:18:29+00:00","dateModified":"2025-04-24T08:12:15+00:00","breadcrumb":{"@id":"https:\/\/www.fecamo.com\/nl\/wedstrijd\/reglement\/#breadcrumb"},"inLanguage":"fr-FR","potentialAction":[{"@type":"ReadAction","target":["https:\/\/www.fecamo.com\/nl\/wedstrijd\/reglement\/"]}]},{"@type":"ImageObject","inLanguage":"fr-FR","@id":"https:\/\/www.fecamo.com\/nl\/wedstrijd\/reglement\/#primaryimage","url":"https:\/\/www.fecamo.com\/wp-content\/uploads\/2021\/12\/banner.jpg","contentUrl":"https:\/\/www.fecamo.com\/wp-content\/uploads\/2021\/12\/banner.jpg","width":1800,"height":444},{"@type":"BreadcrumbList","@id":"https:\/\/www.fecamo.com\/nl\/wedstrijd\/reglement\/#breadcrumb","itemListElement":[{"@type":"ListItem","position":1,"name":"Accueil","item":"https:\/\/www.fecamo.com\/fr\/"},{"@type":"ListItem","position":2,"name":"Concours","item":"https:\/\/www.fecamo.com\/fr\/concours\/"},{"@type":"ListItem","position":3,"name":"R\u00e9glement du Concours Fecamo"}]},{"@type":"WebSite","@id":"https:\/\/www.fecamo.com\/nl\/#website","url":"https:\/\/www.fecamo.com\/nl\/","name":"Fecamo","description":"La F\u00e9d\u00e9ration des Carreleurs et Mosa\u00efstes","publisher":{"@id":"https:\/\/www.fecamo.com\/nl\/#organization"},"potentialAction":[{"@type":"SearchAction","target":{"@type":"EntryPoint","urlTemplate":"https:\/\/www.fecamo.com\/nl\/?s={search_term_string}"},"query-input":{"@type":"PropertyValueSpecification","valueRequired":true,"valueName":"search_term_string"}}],"inLanguage":"fr-FR"},{"@type":"Organization","@id":"https:\/\/www.fecamo.com\/nl\/#organization","name":"FeCaMo","url":"https:\/\/www.fecamo.com\/nl\/","logo":{"@type":"ImageObject","inLanguage":"fr-FR","@id":"https:\/\/www.fecamo.com\/nl\/#\/schema\/logo\/image\/","url":"https:\/\/www.fecamo.com\/wp-content\/uploads\/2021\/12\/fecamo.jpg","contentUrl":"https:\/\/www.fecamo.com\/wp-content\/uploads\/2021\/12\/fecamo.jpg","width":188,"height":95,"caption":"FeCaMo"},"image":{"@id":"https:\/\/www.fecamo.com\/nl\/#\/schema\/logo\/image\/"},"sameAs":["https:\/\/www.facebook.com\/tegels.carrelages\/","https:\/\/www.pinterest.com\/tegelscarrelage\/"]}]}},"_links":{"self":[{"href":"https:\/\/www.fecamo.com\/fr\/wp-json\/wp\/v2\/pages\/6921","targetHints":{"allow":["GET"]}}],"collection":[{"href":"https:\/\/www.fecamo.com\/fr\/wp-json\/wp\/v2\/pages"}],"about":[{"href":"https:\/\/www.fecamo.com\/fr\/wp-json\/wp\/v2\/types\/page"}],"author":[{"embeddable":true,"href":"https:\/\/www.fecamo.com\/fr\/wp-json\/wp\/v2\/users\/1"}],"replies":[{"embeddable":true,"href":"https:\/\/www.fecamo.com\/fr\/wp-json\/wp\/v2\/comments?post=6921"}],"version-history":[{"count":1,"href":"https:\/\/www.fecamo.com\/fr\/wp-json\/wp\/v2\/pages\/6921\/revisions"}],"predecessor-version":[{"id":11294,"href":"https:\/\/www.fecamo.com\/fr\/wp-json\/wp\/v2\/pages\/6921\/revisions\/11294"}],"up":[{"embeddable":true,"href":"https:\/\/www.fecamo.com\/fr\/wp-json\/wp\/v2\/pages\/6886"}],"wp:featuredmedia":[{"embeddable":true,"href":"https:\/\/www.fecamo.com\/fr\/wp-json\/wp\/v2\/media\/5261"}],"wp:attachment":[{"href":"https:\/\/www.fecamo.com\/fr\/wp-json\/wp\/v2\/media?parent=6921"}],"curies":[{"name":"wp","href":"https:\/\/api.w.org\/{rel}","templated":true}]}}