{"id":8305,"date":"2022-08-11T08:54:20","date_gmt":"2022-08-11T08:54:20","guid":{"rendered":"https:\/\/www.fecamo.com\/disclaimer\/"},"modified":"2022-08-11T08:54:21","modified_gmt":"2022-08-11T08:54:21","slug":"disclaimer","status":"publish","type":"page","link":"https:\/\/www.fecamo.com\/en\/disclaimer\/","title":{"rendered":"Disclaimer"},"content":{"rendered":"<h2><strong>RESPONSABILIT\u00c9<\/strong><\/h2>\n<p><strong>\u00a0<\/strong><\/p>\n<p>La Fecamo a construit ce site web avec beaucoup de soin. La F\u00e9d\u00e9ration ne donne toutefois aucune garantie quant \u00e0 l\u2019actualit\u00e9, l\u2019exactitude, la pr\u00e9cision, l\u2019exhaustivit\u00e9 et la pertinence des informations qui y sont reprises. Elle ne peut d\u00e8s lors \u00eatre tenue responsable d\u2019\u00e9ventuels dommages qui seraient la cons\u00e9quence d\u2019erreurs ou de lacunes.<\/p>\n<p>Les informations qui figurent sur ce site sont donc soumises \u00e0 une clause de non-responsabilit\u00e9.<\/p>\n<p>Le site de la Fecamo comprend des liens vers d\u2019autres sites qui pourraient \u00eatre int\u00e9ressants pour les visiteurs de notre site. La Fecamo n\u2019est pas responsable du contenu de ces sites.<\/p>\n<p>&nbsp;<\/p>\n<h2><strong>DROIT D\u2019AUTEUR<\/strong><\/h2>\n<p><strong>\u00a0<\/strong><\/p>\n<p>La reproduction, communication et mise \u00e0 disposition d\u2019informations, documents et publications fournis sur ce site \u00e0 des fins non commerciales sont autoris\u00e9es, \u00e0 condition d\u2019en mentionner clairement la source (via la r\u00e9f\u00e9rence \u00e0 l\u2019URL du site web www.fecamo.com).<\/p>\n<p>&nbsp;<\/p>\n<h2><strong>D\u00c9CLARATION EN MATI\u00c8RE DE VIE PRIV\u00c9E<\/strong><\/h2>\n<p><strong>\u00a0<\/strong><\/p>\n<p>Des fichiers log sont tenus \u00e0 jour sur le serveur web. Ce sont des fichiers qui enregistrent quel visiteur a visit\u00e9 quelle page et \u00e0 quel moment. Sur la base de ces fichiers log, la nature de la visite du site web de la Fecamo est r\u00e9guli\u00e8rement analys\u00e9e : combien d\u2019internautes ont visit\u00e9 le site par mois, quelles pages sont les plus consult\u00e9es, par qui et avec quel navigateur.<\/p>\n<p>Les informations reprises dans les fichiers log ne sont en aucun cas utilis\u00e9es \u00e0 des fins commerciales ou transmises \u00e0 des tiers. Le site propose parfois des formulaires o\u00f9 les visiteurs doivent communiquer des informations telles que leur nom, leur adresse e-mail et\/ou d\u2019autres donn\u00e9es. Ces donn\u00e9es sont uniquement utilis\u00e9es en vue de traiter de mani\u00e8re optimale la requ\u00eate du visiteur et de pouvoir entrer en contact avec ce dernier. Les donn\u00e9es personnelles comme le nom sont utilis\u00e9es pour la gestion du site (statistiques) et ne sont ni transmises \u00e0 des tiers ni rendues publiques.<\/p>\n<p>Le site de la Fecamo utilise des cookies. Ce sont de petits fichiers qui sont conserv\u00e9s sur le disque dur de votre PC. Les cookies ne contiennent pas d\u2019informations personnelles, mais servent \u00e0 faciliter votre prochaine visite sur notre site. Un cookie peut par exemple retenir la langue de votre choix, ce qui vous \u00e9vite de devoir chaque fois l\u2019indiquer. Si vous le d\u00e9sirez, vous pouvez supprimer l\u2019utilisation des cookies dans votre navigateur. Dans ce cas, tenez compte du fait que l\u2019acc\u00e8s \u00e0 notre site pourrait s\u2019en trouver moins ais\u00e9.<\/p>\n","protected":false},"excerpt":{"rendered":"<p>RESPONSABILIT\u00c9 \u00a0 La Fecamo a construit ce site web avec beaucoup de soin. La F\u00e9d\u00e9ration ne donne toutefois aucune garantie quant \u00e0 l\u2019actualit\u00e9, l\u2019exactitude, la pr\u00e9cision, l\u2019exhaustivit\u00e9 et la pertinence des informations qui y sont reprises. Elle ne peut d\u00e8s lors \u00eatre tenue responsable d\u2019\u00e9ventuels dommages qui seraient la cons\u00e9quence d\u2019erreurs ou de lacunes. Les<\/p>\n","protected":false},"author":1,"featured_media":0,"parent":0,"menu_order":0,"comment_status":"closed","ping_status":"open","template":"","meta":{"footnotes":""},"class_list":["post-8305","page","type-page","status-publish","hentry"],"yoast_head":"<!-- This site is optimized with the Yoast SEO plugin v26.9 - https:\/\/yoast.com\/product\/yoast-seo-wordpress\/ -->\n<title>Disclaimer - Fecamo<\/title>\n<meta name=\"robots\" content=\"index, follow, max-snippet:-1, max-image-preview:large, max-video-preview:-1\" \/>\n<link rel=\"canonical\" href=\"https:\/\/www.fecamo.com\/nl\/disclaimer\/\" \/>\n<meta property=\"og:locale\" content=\"en_US\" \/>\n<meta property=\"og:type\" content=\"article\" \/>\n<meta property=\"og:title\" content=\"Disclaimer - Fecamo\" \/>\n<meta property=\"og:description\" content=\"RESPONSABILIT\u00c9 \u00a0 La Fecamo a construit ce site web avec beaucoup de soin. La F\u00e9d\u00e9ration ne donne toutefois aucune garantie quant \u00e0 l\u2019actualit\u00e9, l\u2019exactitude, la pr\u00e9cision, l\u2019exhaustivit\u00e9 et la pertinence des informations qui y sont reprises. Elle ne peut d\u00e8s lors \u00eatre tenue responsable d\u2019\u00e9ventuels dommages qui seraient la cons\u00e9quence d\u2019erreurs ou de lacunes. Les\" \/>\n<meta property=\"og:url\" content=\"https:\/\/www.fecamo.com\/nl\/disclaimer\/\" \/>\n<meta property=\"og:site_name\" content=\"Fecamo\" \/>\n<meta property=\"article:publisher\" content=\"https:\/\/www.facebook.com\/tegels.carrelages\/\" \/>\n<meta property=\"article:modified_time\" content=\"2022-08-11T08:54:21+00:00\" \/>\n<meta name=\"twitter:card\" content=\"summary_large_image\" \/>\n<meta name=\"twitter:label1\" content=\"Est. reading time\" \/>\n\t<meta name=\"twitter:data1\" content=\"2 minutes\" \/>\n<script type=\"application\/ld+json\" class=\"yoast-schema-graph\">{\"@context\":\"https:\/\/schema.org\",\"@graph\":[{\"@type\":\"WebPage\",\"@id\":\"https:\/\/www.fecamo.com\/nl\/disclaimer\/\",\"url\":\"https:\/\/www.fecamo.com\/nl\/disclaimer\/\",\"name\":\"Disclaimer - Fecamo\",\"isPartOf\":{\"@id\":\"https:\/\/www.fecamo.com\/nl\/#website\"},\"datePublished\":\"2022-08-11T08:54:20+00:00\",\"dateModified\":\"2022-08-11T08:54:21+00:00\",\"breadcrumb\":{\"@id\":\"https:\/\/www.fecamo.com\/nl\/disclaimer\/#breadcrumb\"},\"inLanguage\":\"en-US\",\"potentialAction\":[{\"@type\":\"ReadAction\",\"target\":[\"https:\/\/www.fecamo.com\/nl\/disclaimer\/\"]}]},{\"@type\":\"BreadcrumbList\",\"@id\":\"https:\/\/www.fecamo.com\/nl\/disclaimer\/#breadcrumb\",\"itemListElement\":[{\"@type\":\"ListItem\",\"position\":1,\"name\":\"Accueil\",\"item\":\"https:\/\/www.fecamo.com\/en\/\"},{\"@type\":\"ListItem\",\"position\":2,\"name\":\"Disclaimer\"}]},{\"@type\":\"WebSite\",\"@id\":\"https:\/\/www.fecamo.com\/nl\/#website\",\"url\":\"https:\/\/www.fecamo.com\/nl\/\",\"name\":\"Fecamo\",\"description\":\"La F\u00e9d\u00e9ration des Carreleurs et Mosa\u00efstes\",\"publisher\":{\"@id\":\"https:\/\/www.fecamo.com\/nl\/#organization\"},\"potentialAction\":[{\"@type\":\"SearchAction\",\"target\":{\"@type\":\"EntryPoint\",\"urlTemplate\":\"https:\/\/www.fecamo.com\/nl\/?s={search_term_string}\"},\"query-input\":{\"@type\":\"PropertyValueSpecification\",\"valueRequired\":true,\"valueName\":\"search_term_string\"}}],\"inLanguage\":\"en-US\"},{\"@type\":\"Organization\",\"@id\":\"https:\/\/www.fecamo.com\/nl\/#organization\",\"name\":\"FeCaMo\",\"url\":\"https:\/\/www.fecamo.com\/nl\/\",\"logo\":{\"@type\":\"ImageObject\",\"inLanguage\":\"en-US\",\"@id\":\"https:\/\/www.fecamo.com\/nl\/#\/schema\/logo\/image\/\",\"url\":\"https:\/\/www.fecamo.com\/wp-content\/uploads\/2021\/12\/fecamo.jpg\",\"contentUrl\":\"https:\/\/www.fecamo.com\/wp-content\/uploads\/2021\/12\/fecamo.jpg\",\"width\":188,\"height\":95,\"caption\":\"FeCaMo\"},\"image\":{\"@id\":\"https:\/\/www.fecamo.com\/nl\/#\/schema\/logo\/image\/\"},\"sameAs\":[\"https:\/\/www.facebook.com\/tegels.carrelages\/\",\"https:\/\/www.pinterest.com\/tegelscarrelage\/\"]}]}<\/script>\n<!-- \/ Yoast SEO plugin. -->","yoast_head_json":{"title":"Disclaimer - Fecamo","robots":{"index":"index","follow":"follow","max-snippet":"max-snippet:-1","max-image-preview":"max-image-preview:large","max-video-preview":"max-video-preview:-1"},"canonical":"https:\/\/www.fecamo.com\/nl\/disclaimer\/","og_locale":"en_US","og_type":"article","og_title":"Disclaimer - Fecamo","og_description":"RESPONSABILIT\u00c9 \u00a0 La Fecamo a construit ce site web avec beaucoup de soin. La F\u00e9d\u00e9ration ne donne toutefois aucune garantie quant \u00e0 l\u2019actualit\u00e9, l\u2019exactitude, la pr\u00e9cision, l\u2019exhaustivit\u00e9 et la pertinence des informations qui y sont reprises. Elle ne peut d\u00e8s lors \u00eatre tenue responsable d\u2019\u00e9ventuels dommages qui seraient la cons\u00e9quence d\u2019erreurs ou de lacunes. Les","og_url":"https:\/\/www.fecamo.com\/nl\/disclaimer\/","og_site_name":"Fecamo","article_publisher":"https:\/\/www.facebook.com\/tegels.carrelages\/","article_modified_time":"2022-08-11T08:54:21+00:00","twitter_card":"summary_large_image","twitter_misc":{"Est. reading time":"2 minutes"},"schema":{"@context":"https:\/\/schema.org","@graph":[{"@type":"WebPage","@id":"https:\/\/www.fecamo.com\/nl\/disclaimer\/","url":"https:\/\/www.fecamo.com\/nl\/disclaimer\/","name":"Disclaimer - Fecamo","isPartOf":{"@id":"https:\/\/www.fecamo.com\/nl\/#website"},"datePublished":"2022-08-11T08:54:20+00:00","dateModified":"2022-08-11T08:54:21+00:00","breadcrumb":{"@id":"https:\/\/www.fecamo.com\/nl\/disclaimer\/#breadcrumb"},"inLanguage":"en-US","potentialAction":[{"@type":"ReadAction","target":["https:\/\/www.fecamo.com\/nl\/disclaimer\/"]}]},{"@type":"BreadcrumbList","@id":"https:\/\/www.fecamo.com\/nl\/disclaimer\/#breadcrumb","itemListElement":[{"@type":"ListItem","position":1,"name":"Accueil","item":"https:\/\/www.fecamo.com\/en\/"},{"@type":"ListItem","position":2,"name":"Disclaimer"}]},{"@type":"WebSite","@id":"https:\/\/www.fecamo.com\/nl\/#website","url":"https:\/\/www.fecamo.com\/nl\/","name":"Fecamo","description":"La F\u00e9d\u00e9ration des Carreleurs et Mosa\u00efstes","publisher":{"@id":"https:\/\/www.fecamo.com\/nl\/#organization"},"potentialAction":[{"@type":"SearchAction","target":{"@type":"EntryPoint","urlTemplate":"https:\/\/www.fecamo.com\/nl\/?s={search_term_string}"},"query-input":{"@type":"PropertyValueSpecification","valueRequired":true,"valueName":"search_term_string"}}],"inLanguage":"en-US"},{"@type":"Organization","@id":"https:\/\/www.fecamo.com\/nl\/#organization","name":"FeCaMo","url":"https:\/\/www.fecamo.com\/nl\/","logo":{"@type":"ImageObject","inLanguage":"en-US","@id":"https:\/\/www.fecamo.com\/nl\/#\/schema\/logo\/image\/","url":"https:\/\/www.fecamo.com\/wp-content\/uploads\/2021\/12\/fecamo.jpg","contentUrl":"https:\/\/www.fecamo.com\/wp-content\/uploads\/2021\/12\/fecamo.jpg","width":188,"height":95,"caption":"FeCaMo"},"image":{"@id":"https:\/\/www.fecamo.com\/nl\/#\/schema\/logo\/image\/"},"sameAs":["https:\/\/www.facebook.com\/tegels.carrelages\/","https:\/\/www.pinterest.com\/tegelscarrelage\/"]}]}},"_links":{"self":[{"href":"https:\/\/www.fecamo.com\/en\/wp-json\/wp\/v2\/pages\/8305","targetHints":{"allow":["GET"]}}],"collection":[{"href":"https:\/\/www.fecamo.com\/en\/wp-json\/wp\/v2\/pages"}],"about":[{"href":"https:\/\/www.fecamo.com\/en\/wp-json\/wp\/v2\/types\/page"}],"author":[{"embeddable":true,"href":"https:\/\/www.fecamo.com\/en\/wp-json\/wp\/v2\/users\/1"}],"replies":[{"embeddable":true,"href":"https:\/\/www.fecamo.com\/en\/wp-json\/wp\/v2\/comments?post=8305"}],"version-history":[{"count":0,"href":"https:\/\/www.fecamo.com\/en\/wp-json\/wp\/v2\/pages\/8305\/revisions"}],"wp:attachment":[{"href":"https:\/\/www.fecamo.com\/en\/wp-json\/wp\/v2\/media?parent=8305"}],"curies":[{"name":"wp","href":"https:\/\/api.w.org\/{rel}","templated":true}]}}